{"id":1173,"date":"2020-04-15T13:09:11","date_gmt":"2020-04-15T13:09:11","guid":{"rendered":"http:\/\/www.cnc-projekt.cz\/?page_id=1173"},"modified":"2020-04-15T13:09:11","modified_gmt":"2020-04-15T13:09:11","slug":"mini-spiro-potrubi","status":"publish","type":"page","link":"https:\/\/www.cnc-projekt.cz\/?page_id=1173","title":{"rendered":"Mini spiro potrub\u00ed"},"content":{"rendered":"<p>&nbsp;<\/p>\n<p>&nbsp;<\/p>\n<p><a href=\"http:\/\/www.cnc-projekt.cz\/wp-content\/uploads\/2020\/04\/Mini-Spiro-potrub\u00ed.png\"><img loading=\"lazy\" class=\"alignnone size-medium wp-image-1175\" src=\"http:\/\/www.cnc-projekt.cz\/wp-content\/uploads\/2020\/04\/Mini-Spiro-potrub\u00ed-300x300.png\" alt=\"\" width=\"300\" height=\"300\" srcset=\"https:\/\/www.cnc-projekt.cz\/wp-content\/uploads\/2020\/04\/Mini-Spiro-potrub\u00ed-300x300.png 300w, https:\/\/www.cnc-projekt.cz\/wp-content\/uploads\/2020\/04\/Mini-Spiro-potrub\u00ed-150x150.png 150w, https:\/\/www.cnc-projekt.cz\/wp-content\/uploads\/2020\/04\/Mini-Spiro-potrub\u00ed.png 358w\" sizes=\"(max-width: 300px) 100vw, 300px\" \/><\/a><\/p>\n<p style=\"text-align: center;\"><strong><span style=\"font-size: 18pt;\">Stroj na v\u00fdrobu spiro potrub\u00ed mal\u00fdch pr\u016fm\u011br\u016f<\/span><\/strong><\/p>\n<p><span style=\"font-size: 18pt;\"><strong><a href=\"https:\/\/sentemakina.com.tr\/en\/portfolio\/post-tensioning-duct-machine\">ODKAZ NA VIDEO<\/a><\/strong><\/span><\/p>\n<p><a href=\"http:\/\/test.sentemakina.com.tr\/wp-content\/uploads\/2018\/08\/sente-katalog-2018-en24.pdf\"><span style=\"font-size: 14pt;\"><strong>Technick\u00e1 data<\/strong><\/span><\/a><\/p>\n<table style=\"width: 704px; height: 490px;\">\n<tbody>\n<tr>\n<td style=\"width: 273px;\">Materi\u00e1l s\u00edla<\/td>\n<td style=\"width: 380px;\">0,3\/0,4\/0,5 mm<\/td>\n<\/tr>\n<tr>\n<td style=\"width: 273px;\">Materi\u00e1l \u0161\u00ed\u0159e<\/td>\n<td style=\"width: 380px;\">78<\/td>\n<\/tr>\n<tr>\n<td style=\"width: 273px;\">Maz\u00e1n\u00ed<\/td>\n<td style=\"width: 380px;\">automatick\u00e9<\/td>\n<\/tr>\n<tr>\n<td style=\"width: 273px;\">St\u016fl<\/td>\n<td style=\"width: 380px;\">odtokov\u00fd st\u016fl<\/td>\n<\/tr>\n<tr>\n<td style=\"width: 273px;\">D\u011blen\u00ed<\/td>\n<td style=\"width: 380px;\">d\u011blen\u00ed plazmou<\/td>\n<\/tr>\n<tr>\n<td style=\"width: 273px;\">Tlak vzduchu \/spot\u0159eba<\/td>\n<td style=\"width: 380px;\">6 bar\u016f\u00a0 \u00a0 10l\/min<\/td>\n<\/tr>\n<tr>\n<td style=\"width: 273px;\">\u0160\u00ed\u0159e \u0161vu<\/td>\n<td style=\"width: 380px;\">5,2<\/td>\n<\/tr>\n<tr>\n<td style=\"width: 273px;\">Zdroj nap\u00e1jen\u00ed<\/td>\n<td style=\"width: 380px;\">380V 50Hz \/ 3 f\u00e1ze<\/td>\n<\/tr>\n<tr>\n<td style=\"width: 273px;\">Rozm\u011bry<\/td>\n<td style=\"width: 380px;\">3,2 x 1,75 x 2,5 m<\/td>\n<\/tr>\n<tr>\n<td style=\"width: 273px;\">Hmotnost<\/td>\n<td style=\"width: 380px;\">650 kg<\/td>\n<\/tr>\n<\/tbody>\n<\/table>\n<p>&nbsp;<\/p>\n<p><strong>Pr\u016fm\u011bry potrub\u00ed<\/strong>:\u00a0 40,45,50,55,60,65,70,75,80,85,90,95,100,105,110,115,120,125,130,135,<\/p>\n<p>&nbsp;<\/p>\n","protected":false},"excerpt":{"rendered":"<p>&nbsp; &nbsp; Stroj na v\u00fdrobu spiro potrub\u00ed mal\u00fdch pr\u016fm\u011br\u016f ODKAZ NA VIDEO Technick\u00e1 data Materi\u00e1l s\u00edla 0,3\/0,4\/0,5 mm Materi\u00e1l \u0161\u00ed\u0159e 78 Maz\u00e1n\u00ed automatick\u00e9 St\u016fl odtokov\u00fd st\u016fl D\u011blen\u00ed d\u011blen\u00ed plazmou Tlak&#8230;<\/p>\n","protected":false},"author":3,"featured_media":0,"parent":0,"menu_order":0,"comment_status":"closed","ping_status":"closed","template":"","meta":{"_mi_skip_tracking":false},"_links":{"self":[{"href":"https:\/\/www.cnc-projekt.cz\/index.php?rest_route=\/wp\/v2\/pages\/1173"}],"collection":[{"href":"https:\/\/www.cnc-projekt.cz\/index.php?rest_route=\/wp\/v2\/pages"}],"about":[{"href":"https:\/\/www.cnc-projekt.cz\/index.php?rest_route=\/wp\/v2\/types\/page"}],"author":[{"embeddable":true,"href":"https:\/\/www.cnc-projekt.cz\/index.php?rest_route=\/wp\/v2\/users\/3"}],"replies":[{"embeddable":true,"href":"https:\/\/www.cnc-projekt.cz\/index.php?rest_route=%2Fwp%2Fv2%2Fcomments&post=1173"}],"version-history":[{"count":3,"href":"https:\/\/www.cnc-projekt.cz\/index.php?rest_route=\/wp\/v2\/pages\/1173\/revisions"}],"predecessor-version":[{"id":1177,"href":"https:\/\/www.cnc-projekt.cz\/index.php?rest_route=\/wp\/v2\/pages\/1173\/revisions\/1177"}],"wp:attachment":[{"href":"https:\/\/www.cnc-projekt.cz\/index.php?rest_route=%2Fwp%2Fv2%2Fmedia&parent=1173"}],"curies":[{"name":"wp","href":"https:\/\/api.w.org\/{rel}","templated":true}]}}