{"id":1188,"date":"2020-04-15T15:24:04","date_gmt":"2020-04-15T15:24:04","guid":{"rendered":"http:\/\/www.cnc-projekt.cz\/?page_id=1188"},"modified":"2020-04-15T15:24:04","modified_gmt":"2020-04-15T15:24:04","slug":"ohybacka-segmentova","status":"publish","type":"page","link":"https:\/\/www.cnc-projekt.cz\/?page_id=1188","title":{"rendered":"Oh\u00fdba\u010dka segmentov\u00e1"},"content":{"rendered":"<p><a href=\"http:\/\/www.cnc-projekt.cz\/wp-content\/uploads\/2020\/04\/Oh\u00fdba\u010dka.png\"><img loading=\"lazy\" class=\"aligncenter wp-image-1190 size-full\" src=\"http:\/\/www.cnc-projekt.cz\/wp-content\/uploads\/2020\/04\/Oh\u00fdba\u010dka.png\" alt=\"\" width=\"453\" height=\"423\" srcset=\"https:\/\/www.cnc-projekt.cz\/wp-content\/uploads\/2020\/04\/Oh\u00fdba\u010dka.png 453w, https:\/\/www.cnc-projekt.cz\/wp-content\/uploads\/2020\/04\/Oh\u00fdba\u010dka-300x280.png 300w\" sizes=\"(max-width: 453px) 100vw, 453px\" \/><\/a><\/p>\n<p style=\"text-align: center;\"><strong><span style=\"font-size: 14pt;\">Oh\u00fdba\u010dka segmentov\u00e1<\/span><\/strong><\/p>\n<p>&nbsp;<\/p>\n<p><a href=\"https:\/\/sentemakina.com.tr\/wp-content\/uploads\/Par%C3%A7al%C4%B1-Caka-tr-1.pdf\"><strong>Technick\u00e1 data<\/strong><\/a><\/p>\n<table style=\"height: 263px;\" width=\"618\">\n<tbody>\n<tr>\n<td style=\"width: 283.2px;\">Pracovn\u00ed \u0161\u00ed\u0159ka<\/td>\n<td style=\"width: 284px;\">2000 mm<\/td>\n<\/tr>\n<tr>\n<td style=\"width: 283.2px;\">Materi\u00e1l<\/td>\n<td style=\"width: 284px;\">ocel 1mm\u00a0 \u00a0 nerez 0,7 mm\u00a0 \u00a0hlin\u00edk 1,5 mm<\/td>\n<\/tr>\n<tr>\n<td style=\"width: 283.2px;\">Segmenty<\/td>\n<td style=\"width: 284px;\">30\/40\/60\/70\/ 100\u00a0 mm<\/td>\n<\/tr>\n<tr>\n<td style=\"width: 283.2px;\">V\u00fd\u0161ka segmentu<\/td>\n<td style=\"width: 284px;\">60 mm<\/td>\n<\/tr>\n<tr>\n<td style=\"width: 283.2px;\">Rozm\u011bry<\/td>\n<td style=\"width: 284px;\">2500 x 750 x 1160 mm<\/td>\n<\/tr>\n<tr>\n<td style=\"width: 283.2px;\">Hmotnost<\/td>\n<td style=\"width: 284px;\">750 kg<\/td>\n<\/tr>\n<\/tbody>\n<\/table>\n","protected":false},"excerpt":{"rendered":"<p>Oh\u00fdba\u010dka segmentov\u00e1 &nbsp; Technick\u00e1 data Pracovn\u00ed \u0161\u00ed\u0159ka 2000 mm Materi\u00e1l ocel 1mm\u00a0 \u00a0 nerez 0,7 mm\u00a0 \u00a0hlin\u00edk 1,5 mm Segmenty 30\/40\/60\/70\/ 100\u00a0 mm V\u00fd\u0161ka segmentu 60 mm Rozm\u011bry 2500 x&#8230;<\/p>\n","protected":false},"author":3,"featured_media":0,"parent":0,"menu_order":0,"comment_status":"closed","ping_status":"closed","template":"","meta":{"_mi_skip_tracking":false},"_links":{"self":[{"href":"https:\/\/www.cnc-projekt.cz\/index.php?rest_route=\/wp\/v2\/pages\/1188"}],"collection":[{"href":"https:\/\/www.cnc-projekt.cz\/index.php?rest_route=\/wp\/v2\/pages"}],"about":[{"href":"https:\/\/www.cnc-projekt.cz\/index.php?rest_route=\/wp\/v2\/types\/page"}],"author":[{"embeddable":true,"href":"https:\/\/www.cnc-projekt.cz\/index.php?rest_route=\/wp\/v2\/users\/3"}],"replies":[{"embeddable":true,"href":"https:\/\/www.cnc-projekt.cz\/index.php?rest_route=%2Fwp%2Fv2%2Fcomments&post=1188"}],"version-history":[{"count":2,"href":"https:\/\/www.cnc-projekt.cz\/index.php?rest_route=\/wp\/v2\/pages\/1188\/revisions"}],"predecessor-version":[{"id":1191,"href":"https:\/\/www.cnc-projekt.cz\/index.php?rest_route=\/wp\/v2\/pages\/1188\/revisions\/1191"}],"wp:attachment":[{"href":"https:\/\/www.cnc-projekt.cz\/index.php?rest_route=%2Fwp%2Fv2%2Fmedia&parent=1188"}],"curies":[{"name":"wp","href":"https:\/\/api.w.org\/{rel}","templated":true}]}}