{"id":1195,"date":"2020-04-15T16:03:04","date_gmt":"2020-04-15T16:03:04","guid":{"rendered":"http:\/\/www.cnc-projekt.cz\/?page_id=1195"},"modified":"2020-04-15T16:03:04","modified_gmt":"2020-04-15T16:03:04","slug":"valce-special","status":"publish","type":"page","link":"https:\/\/www.cnc-projekt.cz\/?page_id=1195","title":{"rendered":"V\u00e1lce SPECI\u00c1L"},"content":{"rendered":"<p><a href=\"http:\/\/www.cnc-projekt.cz\/wp-content\/uploads\/2020\/04\/Speci\u00e1ln\u00ed-v\u00e1lce.png\"><img loading=\"lazy\" class=\"aligncenter wp-image-1194 size-full\" src=\"http:\/\/www.cnc-projekt.cz\/wp-content\/uploads\/2020\/04\/Speci\u00e1ln\u00ed-v\u00e1lce.png\" alt=\"\" width=\"425\" height=\"351\" srcset=\"https:\/\/www.cnc-projekt.cz\/wp-content\/uploads\/2020\/04\/Speci\u00e1ln\u00ed-v\u00e1lce.png 425w, https:\/\/www.cnc-projekt.cz\/wp-content\/uploads\/2020\/04\/Speci\u00e1ln\u00ed-v\u00e1lce-300x248.png 300w\" sizes=\"(max-width: 425px) 100vw, 425px\" \/><\/a><\/p>\n<p style=\"text-align: center;\"><span style=\"font-size: 14pt;\"><strong>V\u00e1lce pro st\u00e1\u010den\u00ed d\u00edl\u016f se z\u00e1mkem<\/strong><\/span><\/p>\n<p>&nbsp;<\/p>\n<p><a href=\"https:\/\/sentemakina.com.tr\/portfolio\/fitting-silindir\"><span style=\"font-size: 18pt;\">ODKAZ NA VIDEO<\/span><\/a><\/p>\n<p><a href=\"https:\/\/sentemakina.com.tr\/wp-content\/uploads\/Fitting-Silindir.pdf\"><span style=\"font-size: 14pt;\"><strong>Technick\u00e1 data<\/strong><\/span><\/a><\/p>\n<table style=\"height: 298px;\" width=\"584\">\n<tbody>\n<tr>\n<td style=\"width: 266.4px;\">V\u00fdkon motoru<\/td>\n<td style=\"width: 267.2px;\">1,5 kW<\/td>\n<\/tr>\n<tr>\n<td style=\"width: 266.4px;\">Ovl\u00e1d\u00e1n\u00ed<\/td>\n<td style=\"width: 267.2px;\">no\u017en\u00ed ped\u00e1l<\/td>\n<\/tr>\n<tr>\n<td style=\"width: 266.4px;\">Min. \u0161\u00ed\u0159e<\/td>\n<td style=\"width: 267.2px;\">120 mm<\/td>\n<\/tr>\n<tr>\n<td style=\"width: 266.4px;\">Max. \u0161\u00ed\u0159e<\/td>\n<td style=\"width: 267.2px;\">1500 mm<\/td>\n<\/tr>\n<tr>\n<td style=\"width: 266.4px;\">Min. polom\u011br<\/td>\n<td style=\"width: 267.2px;\">200 mm<\/td>\n<\/tr>\n<tr>\n<td style=\"width: 266.4px;\">Typ spoje<\/td>\n<td style=\"width: 267.2px;\">Snaplock, Pittsburgh<\/td>\n<\/tr>\n<\/tbody>\n<\/table>\n<p>&nbsp;<\/p>\n","protected":false},"excerpt":{"rendered":"<p>V\u00e1lce pro st\u00e1\u010den\u00ed d\u00edl\u016f se z\u00e1mkem &nbsp; ODKAZ NA VIDEO Technick\u00e1 data V\u00fdkon motoru 1,5 kW Ovl\u00e1d\u00e1n\u00ed no\u017en\u00ed ped\u00e1l Min. \u0161\u00ed\u0159e 120 mm Max. \u0161\u00ed\u0159e 1500 mm Min. polom\u011br 200&#8230;<\/p>\n","protected":false},"author":3,"featured_media":0,"parent":0,"menu_order":0,"comment_status":"closed","ping_status":"closed","template":"","meta":{"_mi_skip_tracking":false},"_links":{"self":[{"href":"https:\/\/www.cnc-projekt.cz\/index.php?rest_route=\/wp\/v2\/pages\/1195"}],"collection":[{"href":"https:\/\/www.cnc-projekt.cz\/index.php?rest_route=\/wp\/v2\/pages"}],"about":[{"href":"https:\/\/www.cnc-projekt.cz\/index.php?rest_route=\/wp\/v2\/types\/page"}],"author":[{"embeddable":true,"href":"https:\/\/www.cnc-projekt.cz\/index.php?rest_route=\/wp\/v2\/users\/3"}],"replies":[{"embeddable":true,"href":"https:\/\/www.cnc-projekt.cz\/index.php?rest_route=%2Fwp%2Fv2%2Fcomments&post=1195"}],"version-history":[{"count":1,"href":"https:\/\/www.cnc-projekt.cz\/index.php?rest_route=\/wp\/v2\/pages\/1195\/revisions"}],"predecessor-version":[{"id":1196,"href":"https:\/\/www.cnc-projekt.cz\/index.php?rest_route=\/wp\/v2\/pages\/1195\/revisions\/1196"}],"wp:attachment":[{"href":"https:\/\/www.cnc-projekt.cz\/index.php?rest_route=%2Fwp%2Fv2%2Fmedia&parent=1195"}],"curies":[{"name":"wp","href":"https:\/\/api.w.org\/{rel}","templated":true}]}}