{"id":1218,"date":"2020-04-16T06:46:09","date_gmt":"2020-04-16T06:46:09","guid":{"rendered":"http:\/\/www.cnc-projekt.cz\/?page_id=1218"},"modified":"2020-04-16T20:46:28","modified_gmt":"2020-04-16T20:46:28","slug":"klincovaci-stroje-jurado","status":"publish","type":"page","link":"https:\/\/www.cnc-projekt.cz\/?page_id=1218","title":{"rendered":"Klin\u010dovac\u00ed stroje JURADO"},"content":{"rendered":"<p style=\"text-align: center;\"><strong><span style=\"font-size: 18pt;\">Spojov\u00e1n\u00ed r\u00e1me\u010dk\u016f hranat\u00e9ho potrub\u00ed\u00a0<\/span><\/strong><\/p>\n<p style=\"text-align: center;\"><span style=\"font-size: 18pt;\"><strong><span style=\"color: #ff0000;\">Python LA<\/span><\/strong><\/span><a href=\"http:\/\/www.cnc-projekt.cz\/?page_id=1243\"><img loading=\"lazy\" class=\"wp-image-1221 size-full alignnone\" src=\"http:\/\/www.cnc-projekt.cz\/wp-content\/uploads\/2020\/04\/jurado-1.png\" alt=\"\" width=\"739\" height=\"530\" srcset=\"https:\/\/www.cnc-projekt.cz\/wp-content\/uploads\/2020\/04\/jurado-1.png 739w, https:\/\/www.cnc-projekt.cz\/wp-content\/uploads\/2020\/04\/jurado-1-300x215.png 300w, https:\/\/www.cnc-projekt.cz\/wp-content\/uploads\/2020\/04\/jurado-1-640x459.png 640w\" sizes=\"(max-width: 739px) 100vw, 739px\" \/><\/a><\/p>\n<p style=\"text-align: center;\"><a href=\"http:\/\/www.cnc-projekt.cz\/?page_id=1268\"><span style=\"font-size: 18pt; color: #000000;\"><strong>Jurado Tools<\/strong><\/span><br \/>\n<img loading=\"lazy\" class=\"size-full wp-image-1236 alignleft\" src=\"http:\/\/www.cnc-projekt.cz\/wp-content\/uploads\/2020\/04\/jurado15.png\" alt=\"\" width=\"289\" height=\"223\" \/><\/a> <a href=\"http:\/\/www.cnc-projekt.cz\/?page_id=1264\"><img loading=\"lazy\" class=\"size-full wp-image-1235 alignright\" src=\"http:\/\/www.cnc-projekt.cz\/wp-content\/uploads\/2020\/04\/jurado14.png\" alt=\"\" width=\"190\" height=\"230\" \/><\/a> <a href=\"http:\/\/www.cnc-projekt.cz\/?page_id=1272\"><img loading=\"lazy\" class=\"size-full wp-image-1233 alignleft\" src=\"http:\/\/www.cnc-projekt.cz\/wp-content\/uploads\/2020\/04\/jurado12.png\" alt=\"\" width=\"283\" height=\"158\" \/><\/a> <a href=\"http:\/\/www.cnc-projekt.cz\/wp-content\/uploads\/2020\/04\/jurado13.png\"><img loading=\"lazy\" class=\"size-full wp-image-1234 alignright\" src=\"http:\/\/www.cnc-projekt.cz\/wp-content\/uploads\/2020\/04\/jurado13.png\" alt=\"\" width=\"211\" height=\"221\" \/><\/a> <a href=\"http:\/\/www.cnc-projekt.cz\/wp-content\/uploads\/2020\/04\/jurado11.png\"><img loading=\"lazy\" class=\"size-medium wp-image-1232 alignleft\" src=\"http:\/\/www.cnc-projekt.cz\/wp-content\/uploads\/2020\/04\/jurado11-300x174.png\" alt=\"\" width=\"300\" height=\"174\" srcset=\"https:\/\/www.cnc-projekt.cz\/wp-content\/uploads\/2020\/04\/jurado11-300x174.png 300w, https:\/\/www.cnc-projekt.cz\/wp-content\/uploads\/2020\/04\/jurado11.png 302w\" sizes=\"(max-width: 300px) 100vw, 300px\" \/><\/a> <a href=\"http:\/\/www.cnc-projekt.cz\/wp-content\/uploads\/2020\/04\/jurado10.png\"><img loading=\"lazy\" class=\"size-full wp-image-1231 alignright\" src=\"http:\/\/www.cnc-projekt.cz\/wp-content\/uploads\/2020\/04\/jurado10.png\" alt=\"\" width=\"249\" height=\"216\" \/><\/a> <a href=\"http:\/\/www.cnc-projekt.cz\/?page_id=1276\"><img loading=\"lazy\" class=\"size-medium wp-image-1230 alignleft\" src=\"http:\/\/www.cnc-projekt.cz\/wp-content\/uploads\/2020\/04\/jurado9-300x186.png\" alt=\"\" width=\"300\" height=\"186\" srcset=\"https:\/\/www.cnc-projekt.cz\/wp-content\/uploads\/2020\/04\/jurado9-300x186.png 300w, https:\/\/www.cnc-projekt.cz\/wp-content\/uploads\/2020\/04\/jurado9.png 344w\" sizes=\"(max-width: 300px) 100vw, 300px\" \/><\/a> <a href=\"http:\/\/www.cnc-projekt.cz\/?page_id=1282\"><img loading=\"lazy\" class=\"size-full wp-image-1229 alignright\" src=\"http:\/\/www.cnc-projekt.cz\/wp-content\/uploads\/2020\/04\/jurado8.png\" alt=\"\" width=\"238\" height=\"243\" \/><\/a> <a href=\"http:\/\/www.cnc-projekt.cz\/?page_id=1284\"><img loading=\"lazy\" class=\"size-medium wp-image-1228 alignleft\" src=\"http:\/\/www.cnc-projekt.cz\/wp-content\/uploads\/2020\/04\/jurado7-300x251.png\" alt=\"\" width=\"300\" height=\"251\" srcset=\"https:\/\/www.cnc-projekt.cz\/wp-content\/uploads\/2020\/04\/jurado7-300x251.png 300w, https:\/\/www.cnc-projekt.cz\/wp-content\/uploads\/2020\/04\/jurado7.png 311w\" sizes=\"(max-width: 300px) 100vw, 300px\" \/><\/a> <a href=\"http:\/\/www.cnc-projekt.cz\/wp-content\/uploads\/2020\/04\/jurado5.png\"><img loading=\"lazy\" class=\"size-full wp-image-1226 alignright\" src=\"http:\/\/www.cnc-projekt.cz\/wp-content\/uploads\/2020\/04\/jurado5.png\" alt=\"\" width=\"254\" height=\"247\" \/><\/a> <a href=\"http:\/\/www.cnc-projekt.cz\/wp-content\/uploads\/2020\/04\/jurado6.png\"><img loading=\"lazy\" class=\"size-full wp-image-1227 alignleft\" src=\"http:\/\/www.cnc-projekt.cz\/wp-content\/uploads\/2020\/04\/jurado6.png\" alt=\"\" width=\"290\" height=\"197\" \/><\/a><\/p>\n<p style=\"text-align: center;\"><a href=\"http:\/\/www.cnc-projekt.cz\/wp-content\/uploads\/2020\/04\/jurado3.png\"><img loading=\"lazy\" class=\"size-full wp-image-1224 alignright\" src=\"http:\/\/www.cnc-projekt.cz\/wp-content\/uploads\/2020\/04\/jurado3.png\" alt=\"\" width=\"167\" height=\"233\" \/><\/a> <a href=\"http:\/\/www.cnc-projekt.cz\/wp-content\/uploads\/2020\/04\/jurado1.png\"><img loading=\"lazy\" class=\"size-medium wp-image-1222 alignleft\" src=\"http:\/\/www.cnc-projekt.cz\/wp-content\/uploads\/2020\/04\/jurado1-300x241.png\" alt=\"\" width=\"300\" height=\"241\" srcset=\"https:\/\/www.cnc-projekt.cz\/wp-content\/uploads\/2020\/04\/jurado1-300x241.png 300w, https:\/\/www.cnc-projekt.cz\/wp-content\/uploads\/2020\/04\/jurado1.png 324w\" sizes=\"(max-width: 300px) 100vw, 300px\" \/><\/a> <a href=\"http:\/\/www.cnc-projekt.cz\/wp-content\/uploads\/2020\/04\/jurado2.png\"><img loading=\"lazy\" class=\"size-full wp-image-1223 alignleft\" src=\"http:\/\/www.cnc-projekt.cz\/wp-content\/uploads\/2020\/04\/jurado2.png\" alt=\"\" width=\"296\" height=\"252\" \/><\/a><\/p>\n","protected":false},"excerpt":{"rendered":"<p>Spojov\u00e1n\u00ed r\u00e1me\u010dk\u016f hranat\u00e9ho potrub\u00ed\u00a0 Python LA Jurado Tools<\/p>\n","protected":false},"author":3,"featured_media":0,"parent":0,"menu_order":0,"comment_status":"closed","ping_status":"closed","template":"","meta":{"_mi_skip_tracking":false},"_links":{"self":[{"href":"https:\/\/www.cnc-projekt.cz\/index.php?rest_route=\/wp\/v2\/pages\/1218"}],"collection":[{"href":"https:\/\/www.cnc-projekt.cz\/index.php?rest_route=\/wp\/v2\/pages"}],"about":[{"href":"https:\/\/www.cnc-projekt.cz\/index.php?rest_route=\/wp\/v2\/types\/page"}],"author":[{"embeddable":true,"href":"https:\/\/www.cnc-projekt.cz\/index.php?rest_route=\/wp\/v2\/users\/3"}],"replies":[{"embeddable":true,"href":"https:\/\/www.cnc-projekt.cz\/index.php?rest_route=%2Fwp%2Fv2%2Fcomments&post=1218"}],"version-history":[{"count":13,"href":"https:\/\/www.cnc-projekt.cz\/index.php?rest_route=\/wp\/v2\/pages\/1218\/revisions"}],"predecessor-version":[{"id":1289,"href":"https:\/\/www.cnc-projekt.cz\/index.php?rest_route=\/wp\/v2\/pages\/1218\/revisions\/1289"}],"wp:attachment":[{"href":"https:\/\/www.cnc-projekt.cz\/index.php?rest_route=%2Fwp%2Fv2%2Fmedia&parent=1218"}],"curies":[{"name":"wp","href":"https:\/\/api.w.org\/{rel}","templated":true}]}}