{"id":1243,"date":"2020-04-16T07:26:35","date_gmt":"2020-04-16T07:26:35","guid":{"rendered":"http:\/\/www.cnc-projekt.cz\/?page_id=1243"},"modified":"2020-04-16T07:26:47","modified_gmt":"2020-04-16T07:26:47","slug":"python-la","status":"publish","type":"page","link":"https:\/\/www.cnc-projekt.cz\/?page_id=1243","title":{"rendered":"Python LA"},"content":{"rendered":"<p style=\"text-align: center;\"><a href=\"https:\/\/www.youtube.com\/watch?v=CF0a1PfrKtM\"><span style=\"font-size: 18pt;\"><strong><span style=\"color: #ff0000;\">Python LA<\/span><\/strong><\/span><img loading=\"lazy\" class=\"size-medium wp-image-1221 aligncenter\" src=\"http:\/\/www.cnc-projekt.cz\/wp-content\/uploads\/2020\/04\/jurado-1-300x215.png\" alt=\"\" width=\"300\" height=\"215\" srcset=\"https:\/\/www.cnc-projekt.cz\/wp-content\/uploads\/2020\/04\/jurado-1-300x215.png 300w, https:\/\/www.cnc-projekt.cz\/wp-content\/uploads\/2020\/04\/jurado-1-640x459.png 640w, https:\/\/www.cnc-projekt.cz\/wp-content\/uploads\/2020\/04\/jurado-1.png 739w\" sizes=\"(max-width: 300px) 100vw, 300px\" \/><span style=\"font-size: 18pt;\"><strong>Video stroje <\/strong><\/span><\/a><\/p>\n<p>Python LA je stroj schopn\u00fd prov\u00e1d\u011bt klin\u010dovac\u00ed body v oblastech jinak nep\u0159\u00edstupn\u00fdch pro jin\u00e9 typy svorek.\u00a0D\u00edky sv\u00e9mu syst\u00e9mu mechanick\u00e9ho otev\u00edr\u00e1n\u00ed hlavy je Python LA schopen p\u0159ekon\u00e1vat p\u0159ek\u00e1\u017eky, jako je nap\u0159\u00edklad ohnut\u00e1 hrana, a\u00a0za nimi pracovat\u00a0.\u00a0Python LA, je navr\u017een\u00fd v\u00fdhradn\u011b spole\u010dnost\u00ed <a href=\"http:\/\/www.juradotools.com\/\">\u00a0 JuradoTools<\/a> , je schopen pracovat s tahem do 35 kN, co\u017e z n\u011bj d\u011bl\u00e1 velmi v\u00fdkonn\u00fd stroj a z\u00e1rove\u0148 univerz\u00e1ln\u00ed. Dod\u00e1v\u00e1 se spolu s gyroskopick\u00fdm dr\u017e\u00e1kem a m\u016f\u017ee b\u00fdt vybaven sadami n\u00e1stroj\u016f kulat\u00fdmi a lichob\u011b\u017en\u00edkov\u00fdmi s lisovadlem r\u016fzn\u00fdch v\u00fd\u0161ek a rozm\u011br\u016f podle typu a tlou\u0161\u0165ky plechu.<\/p>\n<p>* K dispozici tak\u00e9 s pracovn\u00ed hlavou p\u0159i 90 \u00b0.<\/p>\n<ul>\n<li>Hmotnost svorky (v\u010detn\u011b dr\u017eadla) &#8211; 5,1 kg<\/li>\n<li>Celkov\u00e1 hmotnost spolu s posilova\u010dem &#8211; 13,4 kg<\/li>\n<li>Maxim\u00e1ln\u00ed tlak vzduchu &#8211; 6 bar<\/li>\n<li>Maxim\u00e1ln\u00ed hydraulick\u00fd tlak &#8211; 360 bar<\/li>\n<li>Tah &#8211; 35 kN<\/li>\n<li>Doba cyklu &#8211; 0,8 s<\/li>\n<li>Maxim\u00e1ln\u00ed celkov\u00e1 tlou\u0161\u0165ka plechu z m\u011bkk\u00e9 oceli &#8211; 4,0 mm<\/li>\n<li>Maxim\u00e1ln\u00ed celkov\u00e1 tlou\u0161\u0165ka plechu z nerezov\u00e9 oceli &#8211; 2,4 mm<\/li>\n<\/ul>\n","protected":false},"excerpt":{"rendered":"<p>Python LAVideo stroje Python LA je stroj schopn\u00fd prov\u00e1d\u011bt klin\u010dovac\u00ed body v oblastech jinak nep\u0159\u00edstupn\u00fdch pro jin\u00e9 typy svorek.\u00a0D\u00edky sv\u00e9mu syst\u00e9mu mechanick\u00e9ho otev\u00edr\u00e1n\u00ed hlavy je Python LA schopen p\u0159ekon\u00e1vat p\u0159ek\u00e1\u017eky,&#8230;<\/p>\n","protected":false},"author":3,"featured_media":0,"parent":0,"menu_order":0,"comment_status":"closed","ping_status":"closed","template":"","meta":{"_mi_skip_tracking":false},"_links":{"self":[{"href":"https:\/\/www.cnc-projekt.cz\/index.php?rest_route=\/wp\/v2\/pages\/1243"}],"collection":[{"href":"https:\/\/www.cnc-projekt.cz\/index.php?rest_route=\/wp\/v2\/pages"}],"about":[{"href":"https:\/\/www.cnc-projekt.cz\/index.php?rest_route=\/wp\/v2\/types\/page"}],"author":[{"embeddable":true,"href":"https:\/\/www.cnc-projekt.cz\/index.php?rest_route=\/wp\/v2\/users\/3"}],"replies":[{"embeddable":true,"href":"https:\/\/www.cnc-projekt.cz\/index.php?rest_route=%2Fwp%2Fv2%2Fcomments&post=1243"}],"version-history":[{"count":3,"href":"https:\/\/www.cnc-projekt.cz\/index.php?rest_route=\/wp\/v2\/pages\/1243\/revisions"}],"predecessor-version":[{"id":1246,"href":"https:\/\/www.cnc-projekt.cz\/index.php?rest_route=\/wp\/v2\/pages\/1243\/revisions\/1246"}],"wp:attachment":[{"href":"https:\/\/www.cnc-projekt.cz\/index.php?rest_route=%2Fwp%2Fv2%2Fmedia&parent=1243"}],"curies":[{"name":"wp","href":"https:\/\/api.w.org\/{rel}","templated":true}]}}