{"id":126,"date":"2013-03-24T17:59:06","date_gmt":"2013-03-24T17:59:06","guid":{"rendered":"http:\/\/www.cnc-projekt.cz\/?page_id=126"},"modified":"2019-02-13T11:07:19","modified_gmt":"2019-02-13T11:07:19","slug":"sluzby","status":"publish","type":"page","link":"https:\/\/www.cnc-projekt.cz\/?page_id=126","title":{"rendered":"SLU\u017dBY"},"content":{"rendered":"<h3><strong>\u00a0 CutComp<\/strong><\/h3>\n<p>&#8211; prodej \u0159\u00edd\u00edc\u00edho syst\u00e9mu pro p\u00e1l\u00edc\u00ed stroje CutComp (kompletn\u00ed syst\u00e9m s rozvad\u011b\u010di)<\/p>\n<p>&#8211; nab\u00edz\u00edme pomoc p\u0159i jeho instalaci, zprovozn\u011bn\u00edm, po\u010d\u00e1te\u010dn\u00edm servisem a tak\u00e9 v\u00fdb\u011brem vhodn\u00fdch dodavatel\u016f n\u00e1hradn\u00edch komponent\u016f<\/p>\n<p>&#8211; c\u00edlem je oslovit nov\u00e9 i st\u00e1vaj\u00edc\u00ed v\u00fdrobce stroj\u016f v \u010cech\u00e1ch i v zahrani\u010d\u00ed<\/p>\n<p>\u00a0<\/p>\n<h3><strong>Servis stroj\u016f CutComp a nejen stoj\u016f z na\u0161\u00ed v\u00fdroby<\/strong><\/h3>\n<p>&#8211; \u00a0pravideln\u00e9 servisn\u00ed prohl\u00eddky<\/p>\n<p>&#8211; \u00a0p\u0159estavby<\/p>\n<p>&#8211; \u00a0st\u011bhov\u00e1n\u00ed<\/p>\n<p>&#8211; \u00a0prodlou\u017een\u00ed i roz\u0161\u00ed\u0159en\u00ed p\u00e1l\u00edc\u00ed plochy stroje<\/p>\n<p>&#8211; \u00a0p\u0159estavby na sek\u010dn\u00ed ods\u00e1v\u00e1n\u00ed<\/p>\n<p>&#8211; \u00a0pomoc p\u0159i prodeji nebo odkup stroje<\/p>\n<h3><strong>Zak\u00e1zkov\u00e1 v\u00fdroba stroj\u016f dle po\u017eadavk\u016f klienta<\/strong><\/h3>\n<p>&#8211; poradenstv\u00ed s v\u00fdb\u011brem stroje a v\u00fdb\u011brem m\u00e9dia pro \u0159ez\u00e1n\u00ed<\/p>\n<p>&#8211; sestaven\u00ed stroje na m\u00edru<\/p>\n<p>&#8211; zajist\u00edme kvalitn\u00ed plazmov\u00e9 zdroje za dobr\u00e9 ceny<\/p>\n<p>&#8211; samoz\u0159ejmost\u00ed je z\u00e1ru\u010dn\u00ed i poz\u00e1ru\u010dn\u00ed servis nebo vzd\u00e1len\u00e1 pomoc po telefonu nebo p\u0159es internet<\/p>\n<p>&#8211; prodej spot\u0159ebn\u00edch d\u00edl\u016f pro plazmov\u00e9 zdroje nebo plynov\u00e9 ho\u0159\u00e1ky<\/p>\n<p>&#8211; p\u0159estavby star\u00fdch stroj\u016f za \u00fa\u010delem zkvalitn\u011bn\u00ed \u0159ezu, zrychlen\u00ed a usnadn\u011bn\u00ed obsluhy<\/p>\n<p>&#8211; m\u00e1me bohat\u00e9 zku\u0161enosti s p\u0159estavbou star\u0161\u00edch stroj\u016f <strong>Cybertronik se syst\u00e9mem Mach 3.<\/strong><\/p>\n<h3><strong>SENTE Makina<\/strong><\/h3>\n<p>CNC &#8211; projekt.cz m\u00e1 v\u00fdhradn\u00ed zastoupen\u00ed pro \u010ceskou Republiku od zna\u010dky Sente Makina (Turecko)<\/p>\n<p>&#8211; \u00fasp\u011b\u0161n\u011b prodan\u00e9 stroje v \u010cech\u00e1ch, Polsku i na Slovensku<\/p>\n<p>\u00a0<\/p>\n<p><strong>Prodej sv\u00e1\u0159e\u010dek od Firmy Alfa in (CZ)<\/strong><\/p>\n<p>&#8211; nab\u00edz\u00edme kompletn\u00ed sortiment<\/p>\n<p>\u00a0<\/p>\n<p><strong>Prodej sv\u00e1\u0159e\u010dek a plazmy od firmy Formica (SK)<\/strong><\/p>\n<p>&#8211; nab\u00edz\u00edme kompletn\u00ed sortiment<\/p>\n<p>\u00a0<\/p>\n<p><strong>Prodej kompletn\u00edho sortimentu od firmy Stel (IT)<\/strong><\/p>\n<p>\u00a0<\/p>\n<p><em>Po dohod\u011b se z\u00e1kazn\u00edkem u ve\u0161ker\u00fdch produkt\u016f porad\u00edme s v\u00fdb\u011brem a p\u0159edvedeme stroje p\u0159i pr\u00e1ci p\u0159\u00edmo u na\u0161ich klient\u016f.<\/em><\/p>\n\n","protected":false},"excerpt":{"rendered":"<p>\u00a0 CutComp &#8211; prodej \u0159\u00edd\u00edc\u00edho syst\u00e9mu pro p\u00e1l\u00edc\u00ed stroje CutComp (kompletn\u00ed syst\u00e9m s rozvad\u011b\u010di) &#8211; nab\u00edz\u00edme pomoc p\u0159i jeho instalaci, zprovozn\u011bn\u00edm, po\u010d\u00e1te\u010dn\u00edm servisem a tak\u00e9 v\u00fdb\u011brem vhodn\u00fdch dodavatel\u016f n\u00e1hradn\u00edch komponent\u016f&#8230;<\/p>\n","protected":false},"author":2,"featured_media":0,"parent":0,"menu_order":0,"comment_status":"closed","ping_status":"open","template":"","meta":{"_mi_skip_tracking":false},"_links":{"self":[{"href":"https:\/\/www.cnc-projekt.cz\/index.php?rest_route=\/wp\/v2\/pages\/126"}],"collection":[{"href":"https:\/\/www.cnc-projekt.cz\/index.php?rest_route=\/wp\/v2\/pages"}],"about":[{"href":"https:\/\/www.cnc-projekt.cz\/index.php?rest_route=\/wp\/v2\/types\/page"}],"author":[{"embeddable":true,"href":"https:\/\/www.cnc-projekt.cz\/index.php?rest_route=\/wp\/v2\/users\/2"}],"replies":[{"embeddable":true,"href":"https:\/\/www.cnc-projekt.cz\/index.php?rest_route=%2Fwp%2Fv2%2Fcomments&post=126"}],"version-history":[{"count":6,"href":"https:\/\/www.cnc-projekt.cz\/index.php?rest_route=\/wp\/v2\/pages\/126\/revisions"}],"predecessor-version":[{"id":1046,"href":"https:\/\/www.cnc-projekt.cz\/index.php?rest_route=\/wp\/v2\/pages\/126\/revisions\/1046"}],"wp:attachment":[{"href":"https:\/\/www.cnc-projekt.cz\/index.php?rest_route=%2Fwp%2Fv2%2Fmedia&parent=126"}],"curies":[{"name":"wp","href":"https:\/\/api.w.org\/{rel}","templated":true}]}}