{"id":1260,"date":"2020-04-16T19:25:57","date_gmt":"2020-04-16T19:25:57","guid":{"rendered":"http:\/\/www.cnc-projekt.cz\/?page_id=1260"},"modified":"2020-04-16T19:25:57","modified_gmt":"2020-04-16T19:25:57","slug":"svareci-technika","status":"publish","type":"page","link":"https:\/\/www.cnc-projekt.cz\/?page_id=1260","title":{"rendered":"Sv\u00e1\u0159ec\u00ed technika"},"content":{"rendered":"<p><a href=\"http:\/\/www.cnc-projekt.cz\/wp-content\/uploads\/2020\/04\/LOGO-Alfa-in.png\"><img loading=\"lazy\" class=\"size-full wp-image-1254 alignleft\" src=\"http:\/\/www.cnc-projekt.cz\/wp-content\/uploads\/2020\/04\/LOGO-Alfa-in.png\" alt=\"\" width=\"283\" height=\"132\" \/><\/a><a href=\"http:\/\/www.cnc-projekt.cz\/wp-content\/uploads\/2013\/03\/Formica.png\"><img loading=\"lazy\" class=\"wp-image-211 alignright\" src=\"http:\/\/www.cnc-projekt.cz\/wp-content\/uploads\/2013\/03\/Formica.png\" alt=\"\" width=\"280\" height=\"160\" \/><\/a><\/p>\n","protected":false},"excerpt":{"rendered":"","protected":false},"author":3,"featured_media":0,"parent":0,"menu_order":0,"comment_status":"closed","ping_status":"closed","template":"","meta":{"_mi_skip_tracking":false},"_links":{"self":[{"href":"https:\/\/www.cnc-projekt.cz\/index.php?rest_route=\/wp\/v2\/pages\/1260"}],"collection":[{"href":"https:\/\/www.cnc-projekt.cz\/index.php?rest_route=\/wp\/v2\/pages"}],"about":[{"href":"https:\/\/www.cnc-projekt.cz\/index.php?rest_route=\/wp\/v2\/types\/page"}],"author":[{"embeddable":true,"href":"https:\/\/www.cnc-projekt.cz\/index.php?rest_route=\/wp\/v2\/users\/3"}],"replies":[{"embeddable":true,"href":"https:\/\/www.cnc-projekt.cz\/index.php?rest_route=%2Fwp%2Fv2%2Fcomments&post=1260"}],"version-history":[{"count":1,"href":"https:\/\/www.cnc-projekt.cz\/index.php?rest_route=\/wp\/v2\/pages\/1260\/revisions"}],"predecessor-version":[{"id":1261,"href":"https:\/\/www.cnc-projekt.cz\/index.php?rest_route=\/wp\/v2\/pages\/1260\/revisions\/1261"}],"wp:attachment":[{"href":"https:\/\/www.cnc-projekt.cz\/index.php?rest_route=%2Fwp%2Fv2%2Fmedia&parent=1260"}],"curies":[{"name":"wp","href":"https:\/\/api.w.org\/{rel}","templated":true}]}}