{"id":1264,"date":"2020-04-16T19:38:21","date_gmt":"2020-04-16T19:38:21","guid":{"rendered":"http:\/\/www.cnc-projekt.cz\/?page_id=1264"},"modified":"2020-04-16T19:38:21","modified_gmt":"2020-04-16T19:38:21","slug":"mouse-als","status":"publish","type":"page","link":"https:\/\/www.cnc-projekt.cz\/?page_id=1264","title":{"rendered":"MOUSE ALS"},"content":{"rendered":"<p style=\"text-align: center;\"><a href=\"https:\/\/www.youtube.com\/watch?v=oLV-EeEORsM&amp;feature=emb_logo\"><img loading=\"lazy\" class=\"aligncenter wp-image-1235 size-full\" src=\"http:\/\/www.cnc-projekt.cz\/wp-content\/uploads\/2020\/04\/jurado14.png\" alt=\"\" width=\"190\" height=\"230\" \/> <span style=\"font-size: 18pt;\"><strong>Video stroje\u00a0<\/strong><\/span><\/a><\/p>\n<p><span>Syst\u00e9m <strong>MOUSE ALS<\/strong> se skl\u00e1d\u00e1 z kovov\u00e9ho r\u00e1mu C s hydraulick\u00fdm p\u00edstem a n\u00edzkotlak\u00e9ho bezpe\u010dn\u00e9ho p\u0159ibli\u017eovac\u00edho syst\u00e9mu.\u00a0<\/span><span>Oper\u00e1tor bude pracovat s dvojit\u00fdm ped\u00e1lem, aby nejprve aktivoval n\u00edzkotlak\u00fd p\u0159\u00edstup a pot\u00e9 provedl klin\u010dov\u00e1n\u00ed spoj kulat\u00e9ho nebo lichob\u011b\u017en\u00edkov\u00e9ho bodu. <\/span><span>Stroj je dod\u00e1v\u00e1n v\u010detn\u011b podpory hmotnosti, multiplik\u00e1toru tlaku a ped\u00e1lu.\u00a0<\/span><span>Podle pot\u0159eby z\u00e1kazn\u00edka m\u016f\u017ee b\u00fdt konstrukce r\u00e1mu C dod\u00e1na s r\u016fznou hloubkou hrdla.<\/span><\/p>\n<ul>\n<li><span>Pracovn\u00ed zdvih: 6 mm<\/span><\/li>\n<li><span>N\u00edzkotlak\u00fd p\u0159\u00edstup 50 o 100 mm<\/span><\/li>\n<li><span>Tah: 35 o 50 kN<\/span><\/li>\n<\/ul>\n","protected":false},"excerpt":{"rendered":"<p>Video stroje\u00a0 Syst\u00e9m MOUSE ALS se skl\u00e1d\u00e1 z kovov\u00e9ho r\u00e1mu C s hydraulick\u00fdm p\u00edstem a n\u00edzkotlak\u00e9ho bezpe\u010dn\u00e9ho p\u0159ibli\u017eovac\u00edho syst\u00e9mu.\u00a0Oper\u00e1tor bude pracovat s dvojit\u00fdm ped\u00e1lem, aby nejprve aktivoval n\u00edzkotlak\u00fd p\u0159\u00edstup a&#8230;<\/p>\n","protected":false},"author":3,"featured_media":0,"parent":0,"menu_order":0,"comment_status":"closed","ping_status":"closed","template":"","meta":{"_mi_skip_tracking":false},"_links":{"self":[{"href":"https:\/\/www.cnc-projekt.cz\/index.php?rest_route=\/wp\/v2\/pages\/1264"}],"collection":[{"href":"https:\/\/www.cnc-projekt.cz\/index.php?rest_route=\/wp\/v2\/pages"}],"about":[{"href":"https:\/\/www.cnc-projekt.cz\/index.php?rest_route=\/wp\/v2\/types\/page"}],"author":[{"embeddable":true,"href":"https:\/\/www.cnc-projekt.cz\/index.php?rest_route=\/wp\/v2\/users\/3"}],"replies":[{"embeddable":true,"href":"https:\/\/www.cnc-projekt.cz\/index.php?rest_route=%2Fwp%2Fv2%2Fcomments&post=1264"}],"version-history":[{"count":1,"href":"https:\/\/www.cnc-projekt.cz\/index.php?rest_route=\/wp\/v2\/pages\/1264\/revisions"}],"predecessor-version":[{"id":1265,"href":"https:\/\/www.cnc-projekt.cz\/index.php?rest_route=\/wp\/v2\/pages\/1264\/revisions\/1265"}],"wp:attachment":[{"href":"https:\/\/www.cnc-projekt.cz\/index.php?rest_route=%2Fwp%2Fv2%2Fmedia&parent=1264"}],"curies":[{"name":"wp","href":"https:\/\/api.w.org\/{rel}","templated":true}]}}