{"id":1268,"date":"2020-04-16T19:50:53","date_gmt":"2020-04-16T19:50:53","guid":{"rendered":"http:\/\/www.cnc-projekt.cz\/?page_id=1268"},"modified":"2020-04-16T19:50:53","modified_gmt":"2020-04-16T19:50:53","slug":"mouse-la","status":"publish","type":"page","link":"https:\/\/www.cnc-projekt.cz\/?page_id=1268","title":{"rendered":"MOUSE LA"},"content":{"rendered":"<p style=\"text-align: center;\"><img loading=\"lazy\" class=\"size-full wp-image-1236 aligncenter\" src=\"http:\/\/www.cnc-projekt.cz\/wp-content\/uploads\/2020\/04\/jurado15.png\" alt=\"\" width=\"289\" height=\"223\" \/><strong><span style=\"font-size: 18pt;\"><a href=\"https:\/\/www.youtube.com\/watch?v=-bvnWSVlQjg&amp;feature=emb_logo\">Video\u00a0<\/a><\/span><\/strong><span style=\"color: #23b6ff;\"><span style=\"font-size: 24px;\"><b>stroje<\/b><\/span><\/span><\/p>\n<p><span>Syst\u00e9m MOUSE LA je soubor personalizovan\u00fdch stroj\u016f podle pot\u0159eb klienta s otev\u00edr\u00e1n\u00edm ot\u00e1\u010den\u00edm p\u0159edn\u00ed strany za\u0159\u00edzen\u00ed za \u00fa\u010delem p\u0159ekon\u00e1n\u00ed p\u0159ek\u00e1\u017eky.\u00a0<\/span><span>V\u00fd\u0161ka a hloubka hrdla jsou realizov\u00e1ny podle po\u017eadavku u\u017eivatele a hydraulick\u00fd tah se m\u016f\u017ee m\u011bnit v z\u00e1vislosti na konkr\u00e9tn\u00edm po\u017eadavku.\u00a0<\/span><span>N\u00e1\u0161 dynamick\u00fd technick\u00fd person\u00e1l je k dispozici z\u00e1kazn\u00edkovi, aby studoval a navrhl nejvhodn\u011bj\u0161\u00ed situaci pro po\u017eadovanou aplikaci.\u00a0<\/span><span>S n\u00e1stroji Mouse LA je mo\u017en\u00e9 realizovat kulat\u00e9 i lichob\u011b\u017en\u00edkov\u00e9 body pro r\u016fzn\u00e9 tlou\u0161\u0165ky plechu a r\u016fzn\u00e9 velikosti.\u00a0<\/span><span>Stroje Mouse mohou b\u00fdt dod\u00e1v\u00e1ny jak ve statick\u00e9 verzi, tak p\u0159enosn\u00e9 s balancerem.\u00a0<\/span><span>Aktivace stroje m\u016f\u017ee b\u00fdt um\u00edst\u011bna jak v klice, tak v pneumatick\u00e9m ped\u00e1lu.<\/span><\/p>\n<p><strong>Parametry stroje podle po\u017eadavk\u016f z\u00e1kazn\u00edka.<\/strong><\/p>\n","protected":false},"excerpt":{"rendered":"<p>Video\u00a0stroje Syst\u00e9m MOUSE LA je soubor personalizovan\u00fdch stroj\u016f podle pot\u0159eb klienta s otev\u00edr\u00e1n\u00edm ot\u00e1\u010den\u00edm p\u0159edn\u00ed strany za\u0159\u00edzen\u00ed za \u00fa\u010delem p\u0159ekon\u00e1n\u00ed p\u0159ek\u00e1\u017eky.\u00a0V\u00fd\u0161ka a hloubka hrdla jsou realizov\u00e1ny podle po\u017eadavku u\u017eivatele a&#8230;<\/p>\n","protected":false},"author":3,"featured_media":0,"parent":0,"menu_order":0,"comment_status":"closed","ping_status":"closed","template":"","meta":{"_mi_skip_tracking":false},"_links":{"self":[{"href":"https:\/\/www.cnc-projekt.cz\/index.php?rest_route=\/wp\/v2\/pages\/1268"}],"collection":[{"href":"https:\/\/www.cnc-projekt.cz\/index.php?rest_route=\/wp\/v2\/pages"}],"about":[{"href":"https:\/\/www.cnc-projekt.cz\/index.php?rest_route=\/wp\/v2\/types\/page"}],"author":[{"embeddable":true,"href":"https:\/\/www.cnc-projekt.cz\/index.php?rest_route=\/wp\/v2\/users\/3"}],"replies":[{"embeddable":true,"href":"https:\/\/www.cnc-projekt.cz\/index.php?rest_route=%2Fwp%2Fv2%2Fcomments&post=1268"}],"version-history":[{"count":1,"href":"https:\/\/www.cnc-projekt.cz\/index.php?rest_route=\/wp\/v2\/pages\/1268\/revisions"}],"predecessor-version":[{"id":1269,"href":"https:\/\/www.cnc-projekt.cz\/index.php?rest_route=\/wp\/v2\/pages\/1268\/revisions\/1269"}],"wp:attachment":[{"href":"https:\/\/www.cnc-projekt.cz\/index.php?rest_route=%2Fwp%2Fv2%2Fmedia&parent=1268"}],"curies":[{"name":"wp","href":"https:\/\/api.w.org\/{rel}","templated":true}]}}