{"id":1272,"date":"2020-04-16T20:02:34","date_gmt":"2020-04-16T20:02:34","guid":{"rendered":"http:\/\/www.cnc-projekt.cz\/?page_id=1272"},"modified":"2020-04-16T20:02:34","modified_gmt":"2020-04-16T20:02:34","slug":"mangusta","status":"publish","type":"page","link":"https:\/\/www.cnc-projekt.cz\/?page_id=1272","title":{"rendered":"Mangusta"},"content":{"rendered":"<p>&nbsp;<\/p>\n<p style=\"text-align: center;\"><a href=\"https:\/\/www.youtube.com\/watch?v=WYyXA6LES04&amp;feature=emb_logo\"><img loading=\"lazy\" class=\"aligncenter wp-image-1233 size-full\" src=\"http:\/\/www.cnc-projekt.cz\/wp-content\/uploads\/2020\/04\/jurado12.png\" alt=\"\" width=\"283\" height=\"158\" \/><span style=\"font-size: 24pt;\"><strong>Video stroje<\/strong><\/span><\/a><\/p>\n<p><span>Mangusta byl prvn\u00ed stroj vybaven\u00fd zabudovan\u00fdm multiplik\u00e1torem tlaku vzduchu, kter\u00fd byl realizov\u00e1n.\u00a0D\u00edky kompaktnosti a nep\u0159\u00edtomnosti extern\u00edho posilova\u010de je d\u00edky sn\u00ed\u017een\u00e9 hmotnosti extr\u00e9mn\u011b univerz\u00e1ln\u00ed a snadno se s n\u00edm manipuluje.\u00a0Jeho hlavn\u00ed oblast\u00ed pou\u017eit\u00ed je spojen\u00ed dvou plech\u016f <\/span><span>v cel\u00e9 \u0159ad\u011b pr\u016fmyslov\u00fdch aplikac\u00ed, jako je nap\u0159\u00edklad v\u00fdroba konstrukc\u00ed a stroj\u016f pro chlazen\u00ed, v\u00fdroba dom\u00e1c\u00edch spot\u0159ebi\u010d\u016f a vzduchovod\u016f. <\/span><a href=\"http:\/\/www.juradotools.com\/\"><span>JuradoTools<\/span><\/a><span>\u00a0dod\u00e1v\u00e1 Mangusta ve t\u0159ech r\u016fzn\u00fdch geometrick\u00fdch nastaven\u00edch v z\u00e1vislosti na vyrovn\u00e1n\u00ed hlavy vzhledem k ose dr\u017eadla: s rovnou hlavou, rozlo\u017eenou hlavou a hlavou pod 90 \u00b0.\u00a0Na p\u0159\u00e1n\u00ed m\u016f\u017ee b\u00fdt vybaven vyva\u017eova\u010dem.\u00a0Mangusta je schopna prov\u00e1d\u011bt lichob\u011b\u017en\u00edkov\u00e9 i kulat\u00e9 body.<\/span><\/p>\n<ul>\n<li><span>Hmotnost svorky (v\u010detn\u011b dr\u017eadla): 2,4 kg<\/span><\/li>\n<li><span>Celkov\u00e1 hmotnost spole\u010dn\u011b s posilova\u010dem: 2,9 kg<\/span><\/li>\n<li><span>Max. Tlak vzduchu;\u00a06 bar<\/span><\/li>\n<li><span>Maxim\u00e1ln\u00ed hydraulick\u00fd tlak: 360 bar<\/span><\/li>\n<li><span>Tah: 25 kN<\/span><\/li>\n<li><span>Doba cyklu: 0,6 s<\/span><\/li>\n<li><span>Maxim\u00e1ln\u00ed celkov\u00e1 tlou\u0161\u0165ka plechu z m\u011bkk\u00e9 oceli: 1,6 mm<\/span><\/li>\n<li><span>Maxim\u00e1ln\u00ed celkov\u00e1 tlou\u0161\u0165ka plechu z nerezov\u00e9 oceli: 1,2 mm<\/span><\/li>\n<\/ul>\n","protected":false},"excerpt":{"rendered":"<p>&nbsp; Video stroje Mangusta byl prvn\u00ed stroj vybaven\u00fd zabudovan\u00fdm multiplik\u00e1torem tlaku vzduchu, kter\u00fd byl realizov\u00e1n.\u00a0D\u00edky kompaktnosti a nep\u0159\u00edtomnosti extern\u00edho posilova\u010de je d\u00edky sn\u00ed\u017een\u00e9 hmotnosti extr\u00e9mn\u011b univerz\u00e1ln\u00ed a snadno se s&#8230;<\/p>\n","protected":false},"author":3,"featured_media":0,"parent":0,"menu_order":0,"comment_status":"closed","ping_status":"closed","template":"","meta":{"_mi_skip_tracking":false},"_links":{"self":[{"href":"https:\/\/www.cnc-projekt.cz\/index.php?rest_route=\/wp\/v2\/pages\/1272"}],"collection":[{"href":"https:\/\/www.cnc-projekt.cz\/index.php?rest_route=\/wp\/v2\/pages"}],"about":[{"href":"https:\/\/www.cnc-projekt.cz\/index.php?rest_route=\/wp\/v2\/types\/page"}],"author":[{"embeddable":true,"href":"https:\/\/www.cnc-projekt.cz\/index.php?rest_route=\/wp\/v2\/users\/3"}],"replies":[{"embeddable":true,"href":"https:\/\/www.cnc-projekt.cz\/index.php?rest_route=%2Fwp%2Fv2%2Fcomments&post=1272"}],"version-history":[{"count":1,"href":"https:\/\/www.cnc-projekt.cz\/index.php?rest_route=\/wp\/v2\/pages\/1272\/revisions"}],"predecessor-version":[{"id":1273,"href":"https:\/\/www.cnc-projekt.cz\/index.php?rest_route=\/wp\/v2\/pages\/1272\/revisions\/1273"}],"wp:attachment":[{"href":"https:\/\/www.cnc-projekt.cz\/index.php?rest_route=%2Fwp%2Fv2%2Fmedia&parent=1272"}],"curies":[{"name":"wp","href":"https:\/\/api.w.org\/{rel}","templated":true}]}}