{"id":1284,"date":"2020-04-16T20:42:50","date_gmt":"2020-04-16T20:42:50","guid":{"rendered":"http:\/\/www.cnc-projekt.cz\/?page_id=1284"},"modified":"2020-04-16T20:42:50","modified_gmt":"2020-04-16T20:42:50","slug":"cb500","status":"publish","type":"page","link":"https:\/\/www.cnc-projekt.cz\/?page_id=1284","title":{"rendered":"CB500"},"content":{"rendered":"<p>&nbsp;<\/p>\n<p><a href=\"http:\/\/www.cnc-projekt.cz\/wp-content\/uploads\/2020\/04\/jurado7.png\">\u00a0<\/a><\/p>\n<p style=\"text-align: center;\"><a href=\"https:\/\/www.youtube.com\/watch?v=mGlWwtw-yw8&amp;feature=emb_logo\"><br \/>\n<img loading=\"lazy\" class=\"size-medium wp-image-1228 aligncenter\" src=\"http:\/\/www.cnc-projekt.cz\/wp-content\/uploads\/2020\/04\/jurado7-300x251.png\" alt=\"\" width=\"300\" height=\"251\" srcset=\"https:\/\/www.cnc-projekt.cz\/wp-content\/uploads\/2020\/04\/jurado7-300x251.png 300w, https:\/\/www.cnc-projekt.cz\/wp-content\/uploads\/2020\/04\/jurado7.png 311w\" sizes=\"(max-width: 300px) 100vw, 300px\" \/><strong><span style=\"font-size: 24pt;\">Video stroje<\/span><\/strong><\/a><\/p>\n<p><strong><span>CB500<\/span><\/strong><span> je statick\u00fd stroj s \u0161irok\u00fdm otvorem hrdla znamen\u00e1 v\u00fd\u0161ku a hloubku\u00a0 je schopn\u00fd <\/span><span>vykon\u00e1vat klin\u010dovac\u00ed body<\/span><span>\u00a0na kusy velk\u00fdch rozm\u011br\u016f.\u00a0Je vybaven multiplik\u00e1torem tlaku vzduchu, a proto je pneumaticky nap\u00e1jen.\u00a0Otev\u0159en\u00ed svorky a pracovn\u00ed cyklus jsou ovl\u00e1d\u00e1ny pneumatick\u00fdm ped\u00e1lem.\u00a0CB500 je schopen prov\u00e1d\u011bt jak kulat\u00e9, tak lichob\u011b\u017en\u00edkov\u00e9 hrotov\u00e9 body s tahem 45 kN p\u0159i tlaku 6 bar\u016f.<\/span><\/p>\n<ul>\n<li><span>Hmotnost svorky (v\u010detn\u011b dr\u017e\u00e1ku) &#8211; 300 kg<\/span><\/li>\n<li><span>Celkov\u00e1 hmotnost spolu s posilova\u010dem &#8211; 300 kg<\/span><\/li>\n<li><span>Maxim\u00e1ln\u00ed tlak vzduchu &#8211; 6 bar<\/span><\/li>\n<li><span>Maxim\u00e1ln\u00ed hydraulick\u00fd tlak &#8211; 360 bar<\/span><\/li>\n<li><span>Tah &#8211; 45 kN<\/span><\/li>\n<li><span>Doba cyklu &#8211; 0,8 s<\/span><\/li>\n<li><span>Maxim\u00e1ln\u00ed celkov\u00e1 tlou\u0161\u0165ka plechu z m\u011bkk\u00e9 oceli &#8211; 4 mm<\/span><\/li>\n<li><span>Maxim\u00e1ln\u00ed celkov\u00e1 tlou\u0161\u0165ka plechu z nerezov\u00e9 oceli &#8211; 3 mm<\/span><\/li>\n<\/ul>\n","protected":false},"excerpt":{"rendered":"<p>&nbsp; \u00a0 Video stroje CB500 je statick\u00fd stroj s \u0161irok\u00fdm otvorem hrdla znamen\u00e1 v\u00fd\u0161ku a hloubku\u00a0 je schopn\u00fd vykon\u00e1vat klin\u010dovac\u00ed body\u00a0na kusy velk\u00fdch rozm\u011br\u016f.\u00a0Je vybaven multiplik\u00e1torem tlaku vzduchu, a proto&#8230;<\/p>\n","protected":false},"author":3,"featured_media":0,"parent":0,"menu_order":0,"comment_status":"closed","ping_status":"closed","template":"","meta":{"_mi_skip_tracking":false},"_links":{"self":[{"href":"https:\/\/www.cnc-projekt.cz\/index.php?rest_route=\/wp\/v2\/pages\/1284"}],"collection":[{"href":"https:\/\/www.cnc-projekt.cz\/index.php?rest_route=\/wp\/v2\/pages"}],"about":[{"href":"https:\/\/www.cnc-projekt.cz\/index.php?rest_route=\/wp\/v2\/types\/page"}],"author":[{"embeddable":true,"href":"https:\/\/www.cnc-projekt.cz\/index.php?rest_route=\/wp\/v2\/users\/3"}],"replies":[{"embeddable":true,"href":"https:\/\/www.cnc-projekt.cz\/index.php?rest_route=%2Fwp%2Fv2%2Fcomments&post=1284"}],"version-history":[{"count":1,"href":"https:\/\/www.cnc-projekt.cz\/index.php?rest_route=\/wp\/v2\/pages\/1284\/revisions"}],"predecessor-version":[{"id":1285,"href":"https:\/\/www.cnc-projekt.cz\/index.php?rest_route=\/wp\/v2\/pages\/1284\/revisions\/1285"}],"wp:attachment":[{"href":"https:\/\/www.cnc-projekt.cz\/index.php?rest_route=%2Fwp%2Fv2%2Fmedia&parent=1284"}],"curies":[{"name":"wp","href":"https:\/\/api.w.org\/{rel}","templated":true}]}}