{"id":192,"date":"2013-03-26T19:13:58","date_gmt":"2013-03-26T19:13:58","guid":{"rendered":"http:\/\/www.cnc-projekt.cz\/?page_id=192"},"modified":"2019-02-05T16:11:24","modified_gmt":"2019-02-05T16:11:24","slug":"stroj-pro-rezani-plasmou-a-plamenem","status":"publish","type":"page","link":"https:\/\/www.cnc-projekt.cz\/?page_id=192","title":{"rendered":"Stroj pro \u0159ez\u00e1n\u00ed plasmou a plamenem"},"content":{"rendered":"\n<p><strong><b><a href=\"http:\/\/www.cnc-projekt.cz\/wp-content\/uploads\/2019\/02\/Picture1.png\"><img loading=\"lazy\" class=\"alignnone  wp-image-737\" src=\"http:\/\/www.cnc-projekt.cz\/wp-content\/uploads\/2019\/02\/Picture1-300x153.png\" alt=\"\" width=\"508\" height=\"259\" \/><\/a>\u00a0 \u00a0 \u00a0 \u00a0<\/b><\/strong><\/p>\n<h3><strong><b>CNC p\u00e1l\u00edc\u00ed stroje \u0159ady\u00a0\u00a0DYNAMIK<\/b><\/strong><\/h3>\n<h3><strong><em><b><i>STROJ PRO \u0158EZ\u00c1N\u00cd PLASMOU A PLAMENEM<\/i><\/b><\/em><\/strong><\/h3>\n<p>CNC p\u00e1l\u00edc\u00ed stroj DYNAMIK je modern\u00ed, vysoce v\u00fdkonn\u00e9 za\u0159\u00edzen\u00ed \u0161iroce pou\u017e\u00edvan\u00e9 v termick\u00e9m d\u011blen\u00ed materi\u00e1lu. Stroj je ur\u010den pro nasazen\u00ed technologie kysl\u00edkov\u00e9ho \u0159ez\u00e1n\u00ed a plazmov\u00e9 technologie \u0159ez\u00e1n\u00ed. P\u0159i oboj\u00edm vynik\u00e1 svou vysokou dynamikou. To v\u0161e pro maxim\u00e1ln\u00ed p\u0159esnost a vysokou \u00fa\u010dinnost.<\/p>\n<p>V p\u0159\u00edpad\u011b vyu\u017eit\u00ed plasmov\u00e9ho p\u00e1len\u00ed lze nainstalovat plasmov\u00fd zdroj a ho\u0159\u00e1k s tzv. HighPerformance syst\u00e9mem p\u00e1len\u00ed. Vyzna\u010duje se velmi tuh\u00fdm a kompaktn\u00edm r\u00e1mem, kabelov\u00fdmi rozvody v energetick\u00fdch zakryt\u00fdch \u0159et\u011bzech, digit\u00e1ln\u00ed synchronizac\u00ed pohybu lev\u00e9 a prav\u00e9 strany port\u00e1lu, vysok\u00fdm stupn\u011bm automatizace a \u0161irokou \u0161k\u00e1lou profesion\u00e1ln\u00edch dopl\u0148k\u016f.<\/p>\n<p><strong><b>V\u00fdrobcem za\u0159\u00edzen\u00ed je<\/b><\/strong>:<\/p>\n<p>CNC-PROJEKT<\/p>\n<p>Ji\u0159\u00ed Fiala<\/p>\n<p>\u010cesk\u00e1 Skalice<\/p>\n<p>Vyr\u00e1b\u00edme t\u0159i z\u00e1kladn\u00ed typy DYNAMIK CNC stroj\u016f.<\/p>\n<p>Hlavn\u00edm d\u011bl\u00edc\u00edm ukazatelem je \u0161\u00ed\u0159ka p\u00e1len\u00e9ho plechu &#8211; 1000, 1500, 2000 a 2500 mm.<\/p>\n<p>D\u00e9lka pracovn\u00ed plochy m\u016f\u017ee b\u00fdt,\u00a0a\u017e 12000mm.<\/p>\n<p>D\u00edky kvalitn\u00edm pohon\u016fm stroj spl\u0148uje n\u00e1roky nejnov\u011bj\u0161\u00edch plasmov\u00fdch syst\u00e9m\u016f na \u0159eznou rychlost. A je\u0161t\u011b ji p\u0159evy\u0161uje.<\/p>\n<p>Stroj je mo\u017eno osadit,\u00a0a\u017e dv\u011bma jak plasmov\u00fdmi, tak plynov\u00fdmi ho\u0159\u00e1ky pro synchronn\u00ed p\u00e1len\u00ed. Nebo je jednodu\u0161e\u00a0zkombinovat.<\/p>\n<p><em><i>\u00a0<\/i><\/em><\/p>\n<p><strong><b>Z\u00e1kladn\u00ed<\/b><\/strong><strong><b>\u00a0<\/b><\/strong><strong><b>&#8211; Standardn\u00ed vybaven\u00ed stroje<\/b><\/strong><strong><b>:<\/b><\/strong><\/p>\n<h5>&#8211; D\u00e1lkov\u00e1 mobiln\u00ed ovl\u00e1dac\u00ed konzole<\/h5>\n<h5>&#8211; Materi\u00e1lov\u00fd st\u016fl s centr\u00e1ln\u00edm ods\u00e1v\u00e1n\u00edm<\/h5>\n<h5>&#8211; Pohon port\u00e1lu ve 4-os\u00e1ch (pohon zaji\u0161\u0165uj\u00ed servomotory)<\/h5>\n<h5>&#8211; Pohon port\u00e1lu oboustrann\u00fd synchronizovan\u00fd<\/h5>\n<h5>&#8211; Automatick\u00e1 stabilizace ho\u0159\u00e1ku nad p\u00e1len\u00fdm materi\u00e1lem<\/h5>\n<h5>&#8211; Automatick\u00e9 po\u010d\u00e1te\u010dn\u00ed nastaven\u00ed v\u00fd\u0161ky plazmov\u00e9ho ho\u0159\u00e1ku (propichu)<\/h5>\n<h5>&#8211; Automatick\u00e9 srovn\u00e1n\u00ed plechu (kompenzace \u00fachylky v programu)<\/h5>\n<h5>&#8211; Vertik\u00e1ln\u00ed antikolizn\u00ed syst\u00e9m<\/h5>\n<h5>&#8211; Signaliza\u010dn\u00ed dioda polohy ho\u0159\u00e1ku (dioda s ofsetem)<\/h5>\n<h5>&#8211; S\u00ed\u0165ov\u00e1 LAN karta pro p\u0159ipojen\u00ed do firemn\u00ed s\u00edt\u011b nebo k internetu<\/h5>\n<h5>&#8211; Syst\u00e9m dvouf\u00e1zov\u00e9ho propichu materi\u00e1lu (pro plyn i plazmu)<\/h5>\n<h5>&#8211; \u0160upl\u00edky pro snadn\u00fd odb\u011br okuj\u00ed a zbytk\u016f z p\u00e1len\u00ed<\/h5>\n<h5>&#8211; Energetick\u00e9 \u0159et\u011bzy kryj\u00edc\u00ed kabel\u00e1\u017e stroje<\/h5>\n<h5>&#8211; Hl\u00edd\u00e1n\u00ed v\u00fd\u0161ky plazmov\u00e9ho ho\u0159\u00e1ku<\/h5>\n<h5>&#8211; Parkovac\u00ed m\u00edsta pro snadn\u00e9 vkl\u00e1d\u00e1n\u00ed plechu<\/h5>\n<p><strong><b>Ovl\u00e1dac\u00ed konzole<\/b><\/strong><strong><b>:<\/b><\/strong><\/p>\n<p>D\u00e1lkov\u00e9 ovl\u00e1d\u00e1n\u00ed k nab\u00edzen\u00fdm port\u00e1l\u016fm se vyzna\u010duje jednoduchou obsluhou, kompaktn\u00edm proveden\u00edm, snadnou opravitelnost\u00ed a p\u0159\u00edkladnou odolnost\u00ed v\u016f\u010di prachu.<\/p>\n<h4><strong><b>Jednoduch\u00e1 obsluha<\/b><\/strong>:<\/h4>\n<p>Konzole vyu\u017e\u00edv\u00e1 k ovl\u00e1d\u00e1n\u00ed syst\u00e9m Windows a to v aktu\u00e1ln\u00ed verzi 7. Ka\u017ed\u00fd, kdo zvl\u00e1dne z\u00e1klady ovl\u00e1d\u00e1n\u00ed syst\u00e9mu Windows, nebude m\u00edt sebemen\u0161\u00ed probl\u00e9m za\u010d\u00edt pracovat s na\u0161imi p\u00e1l\u00edc\u00edmi\u00a0stroji. V\u0161echny d\u016fle\u017eit\u00e9 kontroln\u00ed syst\u00e9my a p\u0159ep\u00edna\u010de jsou vyvedeny na prav\u00e9m okraji konzole, tak aby byly okam\u017eit\u011b dostupn\u00e9.<br \/><br \/><strong><b>Kompaktn\u00ed proveden\u00ed:<\/b><\/strong><\/p>\n<p>P\u0159i konstrukci konzole se kladl d\u016fraz na jej\u00ed rozm\u011bry a pohyblivost. Rozm\u011bry jsou cca. 500x500x1500mm. Pohyblivost je zaji\u0161t\u011bna kole\u010dky.<\/p>\n<p><strong><b>Snadn\u00e1 opravitelnos<\/b><\/strong><strong><b>t<\/b><\/strong><strong><b>:<\/b><\/strong><\/p>\n<p>D\u00edky pou\u017eit\u00ed standardn\u00edch perif\u00e9ri\u00ed jako jsou my\u0161, kl\u00e1vesnice, CD\/DVD mechanika atd. nen\u00ed probl\u00e9m vym\u011bnit jakoukoliv po\u0161kozenou \u010d\u00e1st za novou. \u0160li jsme tak daleko, \u017ee si dokonce pou\u017eit\u00e9 perif\u00e9rie m\u016f\u017eete sami nakonfigurovat dle Va\u0161ich p\u0159edstav a po\u017eadavku.<\/p>\n<p><strong><b>Odolnost v\u016f\u010di prachu:<\/b><\/strong><\/p>\n<p>V\u0161echny d\u016fle\u017eit\u00e9 komponenty ovl\u00e1dac\u00ed konzole jsou ukryt\u00e9 v kost\u0159e konzole a zaizolov\u00e1ny, tak aby\u00a0byly maxim\u00e1ln\u011b chr\u00e1n\u011bny proti v\u0161udyp\u0159\u00edtomn\u00e9mu prachu.<\/p>\n<p>Ve\u0161ker\u00e9 komponenty konzoly jsou uzav\u00edrateln\u00e9 a tak \u00fa\u010dinn\u011b chr\u00e1n\u011bny p\u0159ed v\u0161udyp\u0159\u00edtomn\u00fdm prachem!<\/p>\n<p><strong><b>MO\u017dNOSTI STROJE <\/b><\/strong><\/p>\n<table>\n<tbody>\n<tr>\n<td width=\"360\">\n<p><strong><b>LINE\u00c1RN\u00cd VEDEN\u00cd<\/b><\/strong><\/p>\n<\/td>\n<td width=\"360\">\n<p><strong><b>HIWIN 30<\/b><\/strong><\/p>\n<\/td>\n<\/tr>\n<tr>\n<td width=\"360\">\n<p><strong><b>\u0158EZN\u00c1 RYCHLOST<\/b><\/strong><\/p>\n<\/td>\n<td width=\"360\">\n<p><strong><b>8 \u2013 12 m\/min<\/b><\/strong><\/p>\n<\/td>\n<\/tr>\n<tr>\n<td width=\"360\">\n<p><strong><b>POSUV V P\u0158EJEZDU STROJE<\/b><\/strong><\/p>\n<\/td>\n<td width=\"360\">\n<p><strong><b>14 \u2013 22 m\/min<\/b><\/strong><\/p>\n<\/td>\n<\/tr>\n<tr>\n<td width=\"360\">\n<p><strong><b>OVL\u00c1D\u00c1N\u00cd STROJE<\/b><\/strong><\/p>\n<\/td>\n<td width=\"360\">\n<p><strong><b>Ovl\u00e1dac\u00ed konzole (pohybliv\u00e1)<\/b><\/strong><\/p>\n<\/td>\n<\/tr>\n<tr>\n<td width=\"360\">\n<p><strong><b>PROGRAM PRO P\u0158\u00cdPRAVU PL\u00c1N\u016e<\/b><\/strong><\/p>\n<\/td>\n<td width=\"360\">\n<p><strong><b>Wrykrys (http:\/\/77.48.47.250\/)<\/b><\/strong><\/p>\n<\/td>\n<\/tr>\n<tr>\n<td width=\"360\">\n<p><strong><b>SOFTWAROVE VYBAVEN\u00cd<\/b><\/strong><\/p>\n<\/td>\n<td width=\"360\">\n<p><strong><b>CutComp<\/b><\/strong><\/p>\n<\/td>\n<\/tr>\n<tr>\n<td width=\"360\">\n<p><strong><b>PO\u010cET POHON\u016e <\/b><\/strong><\/p>\n<\/td>\n<td width=\"360\">\n<p><strong><b>Max 7 <\/b><\/strong><\/p>\n<\/td>\n<\/tr>\n<tr>\n<td width=\"360\">\n<p><strong><b>MO\u017dNOST P\u0158IPOJEN\u00cd PLYNU<\/b><\/strong><\/p>\n<\/td>\n<td width=\"360\">\n<p><strong><b>Max 2 p\u00e1l\u00edc\u00ed hlavy<\/b><\/strong><\/p>\n<\/td>\n<\/tr>\n<tr>\n<td width=\"360\">\n<p><strong><b>MAX PO\u010cET \u0158EZN\u00ddCH N\u00c1STROJ\u016e<\/b><\/strong><\/p>\n<\/td>\n<td width=\"360\">\n<p><strong><b>2+2 (2xplyn + 2xplazma)<\/b><\/strong><\/p>\n<\/td>\n<\/tr>\n<tr>\n<td width=\"360\">\n<p><strong><b>AUTOMATICK\u00c9 HL\u00cdD\u00c1N\u00cd V\u00dd\u0160KY<\/b><\/strong><\/p>\n<\/td>\n<td width=\"360\">\n<p><strong><b>Pro plazmu<\/b><\/strong><\/p>\n<\/td>\n<\/tr>\n<tr>\n<td width=\"360\">\n<p><strong><b>DVOUF\u00c1ZOV\u00dd PROPICH PLECHU <\/b><\/strong><\/p>\n<\/td>\n<td width=\"360\">\n<p><strong><b>Pro plazmu i plyn<\/b><\/strong><\/p>\n<\/td>\n<\/tr>\n<tr>\n<td width=\"360\">\n<p><strong><b>TABULKA NASTAVEN\u00cd STROJE<\/b><\/strong><\/p>\n<\/td>\n<td width=\"360\">\n<p><strong><b>Pro v\u0161echny parametry nastaveni<\/b><\/strong><\/p>\n<\/td>\n<\/tr>\n<tr>\n<td width=\"360\">\n<p><strong><b>SERVIS STROJE PO INATERNETU<\/b><\/strong><\/p>\n<\/td>\n<td width=\"360\">\n<p><strong><b>Vzd\u00e1len\u00e1 pomoc p\u0159i nastaven\u00ed a se\u0159\u00edzen\u00ed <\/b><\/strong><\/p>\n<\/td>\n<\/tr>\n<tr>\n<td width=\"360\">\n<p><strong><b>POPISOV\u00c1N\u00cd PLAZMOU<\/b><\/strong><\/p>\n<\/td>\n<td width=\"360\">\n<p><strong><b>Pro vybran\u00e9 agreg\u00e1ty<\/b><\/strong><\/p>\n<\/td>\n<\/tr>\n<tr>\n<td width=\"360\">\n<p><strong><b>DUL\u010c\u00cdKOV\u00c1N\u00cd PLAZMOU<\/b><\/strong><\/p>\n<\/td>\n<td width=\"360\">\n<p><strong><b>Pro vybran\u00e9 agreg\u00e1ty<\/b><\/strong><\/p>\n<\/td>\n<\/tr>\n<tr>\n<td width=\"360\">\n<p><strong><b>PROPICHOV\u00c1N\u00cd PLAZMOU<\/b><\/strong><\/p>\n<\/td>\n<td width=\"360\">\n<p><strong><b>Pro vybran\u00e9 agreg\u00e1ty<\/b><\/strong><\/p>\n<\/td>\n<\/tr>\n<tr>\n<td width=\"360\">\n<p><strong><b>P\u0158IPOJEN\u00cd STROJE DO S\u00cdT\u011a <\/b><\/strong><\/p>\n<\/td>\n<td width=\"360\">\n<p><strong><b>Standardn\u011b mo\u017enost propojen\u00ed do firemn\u00ed s\u00edt\u011b<\/b><\/strong><\/p>\n<\/td>\n<\/tr>\n<tr>\n<td width=\"360\">\n<p><strong><b>OBNOVEN\u00cd V\u00ddCHOZ\u00cdHO NASTAVEN\u00cd<\/b><\/strong><\/p>\n<\/td>\n<td width=\"360\">\n<p><strong><b>Zapsan\u00e9 posledn\u00ed nastaven\u00ed<\/b><\/strong><\/p>\n<\/td>\n<\/tr>\n<tr>\n<td width=\"360\">\n<p><strong><b>LASEROV\u00c9 UKAZOV\u00c1TKO POLOHY<\/b><\/strong><\/p>\n<\/td>\n<td width=\"360\">\n<p><strong><b>Pro snadn\u011bj\u0161\u00ed orientaci na plo\u0161e<\/b><\/strong><\/p>\n<\/td>\n<\/tr>\n<tr>\n<td width=\"360\">\n<p><strong><b>ELEKTRONICK\u00c1 \u00daHLOP\u0158\u00cd\u010cKA NA STROJI<\/b><\/strong><\/p>\n<\/td>\n<td width=\"360\">\n<p><strong><b>Pro servisn\u00ed nastaven\u00ed a periodickou kontrolu <\/b><\/strong><\/p>\n<\/td>\n<\/tr>\n<tr>\n<td width=\"360\">\n<p><strong><b>RU\u010cN\u00cd D\u011aLAN\u00cd ZBYTK\u016e PLECHU<\/b><\/strong><\/p>\n<\/td>\n<td width=\"360\">\n<p><strong><b>Pro snadn\u011bj\u0161\u00ed sn\u00edm\u00e1n\u00ed zbytk\u016f plechu<\/b><\/strong><\/p>\n<\/td>\n<\/tr>\n<tr>\n<td width=\"360\">\n<p><strong><b>NASTAVEN\u00cd 3 R\u016eZN\u00ddCH KOMPENZAC\u00cd<\/b><\/strong><\/p>\n<\/td>\n<td width=\"360\">\n<p><strong><b>Pro p\u0159esnost \u0159ezy<\/b><\/strong><\/p>\n<\/td>\n<\/tr>\n<tr>\n<td width=\"360\">\n<p><strong><b>SN\u00cd\u017dEN\u00cd RYCHLOSTI MAL\u00ddCH OTVOR\u016e<\/b><\/strong><\/p>\n<\/td>\n<td width=\"360\">\n<p><strong><b>Pro udr\u017een\u00ed tvaru a rozm\u011bru<\/b><\/strong><\/p>\n<\/td>\n<\/tr>\n<tr>\n<td width=\"360\">\n<p><strong><b>DRUH\u00c9 OVL\u00c1DAC\u00cd M\u00cdSTO NA PORT\u00c1LE<\/b><\/strong><\/p>\n<\/td>\n<td width=\"360\">\n<p><strong><b>Pro rozm\u011brn\u00e9 a dlouh\u00e9 stroje ( snadn\u011bj\u0161\u00ed najet\u00ed na za\u010d\u00e1tek plechu )<\/b><\/strong><\/p>\n<\/td>\n<\/tr>\n<tr>\n<td width=\"360\">\n<p><strong><b>D\u00c1LKOV\u00c9 OVL\u00c1D\u00c1N\u00cd DO RUKY<\/b><\/strong><\/p>\n<\/td>\n<td width=\"360\">\n<p><strong><b>Dopl\u0148kov\u00e9 vybaven\u00ed<\/b><\/strong><\/p>\n<\/td>\n<\/tr>\n<tr>\n<td width=\"360\">\n<p><strong><b>VKL\u00c1D\u00c1N\u00cd INFORMAC\u00cd DO STROJE <\/b><\/strong><\/p>\n<\/td>\n<td width=\"360\">\n<p><strong><b>2 X USB Port<\/b><\/strong><\/p>\n<\/td>\n<\/tr>\n<\/tbody>\n<\/table>\n<p><strong><b>Mo\u017enost instalace v\u00fdkonn\u00fdch plasmov\u00fdch zdroj\u016f<\/b><\/strong><\/p>\n<p><strong><b>DYNAMIK CNC<\/b><\/strong>\u00a0p\u00e1l\u00edc\u00ed stroj umo\u017e\u0148uje zapojen\u00ed nejmodern\u011bj\u0161\u00edch plasmov\u00fdch zdroj\u016f od sv\u011btov\u00fdch\u00a0producent\u016f.<\/p>\n<p>Nejb\u011b\u017en\u011bji instalujeme plasmov\u00e9 zdroje zna\u010dky <strong><b>FORMICA<\/b><\/strong>, <strong><b>KJELLBERG<\/b><\/strong>\u00a0a <strong><b>HYPERTHERM<\/b><\/strong>.<\/p>\n<p>Slovensk\u00fd v\u00fdrobce plasmov\u00fdch zdroj\u016f. Nejlep\u0161\u00ed volba pro toho kdo hled\u00e1\u00a0nejlep\u0161\u00ed pom\u011br ceny a v\u00fdkonu. Mo\u017enost vyu\u017eit\u00ed plasmov\u00fdch ho\u0159\u00e1k\u016f s\u00a0HyPerformance technologi\u00ed, kter\u00e1 se \u0159ad\u00ed k dne\u0161n\u00ed \u0161pi\u010dce.\u00a0P\u00e1len\u00e9 materi\u00e1ly: Konstruk\u010dn\u00ed ocel (\u201c\u010dern\u00e1\u201d), nerez ocel a jin\u00e9 legovan\u00e9 oceli.<\/p>\n<p>\u00a0<\/p>\n<p>N\u011bmeck\u00fd v\u00fdrobce plasmov\u00fdch zdroj\u016f. Zdroje vynikaj\u00ed p\u0159i \u0159ez\u00e1n\u00ed nerez oceli.<\/p>\n<p>Zdroje vyu\u017e\u00edvaj\u00ed vlastn\u00ed technologii \u201cContour cut\u201d, kter\u00e1 je p\u0159\u00edmou\u00a0konkurenc\u00ed k HyPerformace technologii.\u00a0P\u00e1len\u00e9 materi\u00e1ly: Konstruk\u010dn\u00ed ocel (\u201c\u010dern\u00e1\u201d), nerez ocel a jin\u00e9 legovan\u00e9 oceli.\u00a0Americk\u00fd v\u00fdrobce plasmov\u00fdch zdroj\u016f. Mo\u017enost vyu\u017eit\u00ed plasmov\u00fdch ho\u0159\u00e1k\u016f s\u00a0HyPerformance Xd technologi\u00ed, kter\u00e1 se \u0159ad\u00ed k dne\u0161n\u00ed \u0161pi\u010dce.\u00a0P\u00e1len\u00e9 materi\u00e1ly: Konstruk\u010dn\u00ed ocel (\u201c\u010dern\u00e1\u201d), nerez ocel a jin\u00e9 legovan\u00e9 oceli.<\/p>\n<p><strong><b>Doporu\u010den\u00fd plazmov\u00fd agreg\u00e1t<\/b><\/strong><strong><b>:<\/b><\/strong><\/p>\n<p><strong><b>Formica 163 WDM 1+ ho\u0159\u00e1k MT 120<\/b><\/strong><\/p>\n<p>\u00a0<\/p>\n","protected":false},"excerpt":{"rendered":"<p>\u00a0 \u00a0 \u00a0 \u00a0 CNC p\u00e1l\u00edc\u00ed stroje \u0159ady\u00a0\u00a0DYNAMIK STROJ PRO \u0158EZ\u00c1N\u00cd PLASMOU A PLAMENEM CNC p\u00e1l\u00edc\u00ed stroj DYNAMIK je modern\u00ed, vysoce v\u00fdkonn\u00e9 za\u0159\u00edzen\u00ed \u0161iroce pou\u017e\u00edvan\u00e9 v termick\u00e9m d\u011blen\u00ed materi\u00e1lu. Stroj&#8230;<\/p>\n","protected":false},"author":3,"featured_media":0,"parent":0,"menu_order":0,"comment_status":"closed","ping_status":"open","template":"","meta":{"_mi_skip_tracking":false},"_links":{"self":[{"href":"https:\/\/www.cnc-projekt.cz\/index.php?rest_route=\/wp\/v2\/pages\/192"}],"collection":[{"href":"https:\/\/www.cnc-projekt.cz\/index.php?rest_route=\/wp\/v2\/pages"}],"about":[{"href":"https:\/\/www.cnc-projekt.cz\/index.php?rest_route=\/wp\/v2\/types\/page"}],"author":[{"embeddable":true,"href":"https:\/\/www.cnc-projekt.cz\/index.php?rest_route=\/wp\/v2\/users\/3"}],"replies":[{"embeddable":true,"href":"https:\/\/www.cnc-projekt.cz\/index.php?rest_route=%2Fwp%2Fv2%2Fcomments&post=192"}],"version-history":[{"count":13,"href":"https:\/\/www.cnc-projekt.cz\/index.php?rest_route=\/wp\/v2\/pages\/192\/revisions"}],"predecessor-version":[{"id":738,"href":"https:\/\/www.cnc-projekt.cz\/index.php?rest_route=\/wp\/v2\/pages\/192\/revisions\/738"}],"wp:attachment":[{"href":"https:\/\/www.cnc-projekt.cz\/index.php?rest_route=%2Fwp%2Fv2%2Fmedia&parent=192"}],"curies":[{"name":"wp","href":"https:\/\/api.w.org\/{rel}","templated":true}]}}