{"id":198,"date":"2013-03-26T19:27:55","date_gmt":"2013-03-26T19:27:55","guid":{"rendered":"http:\/\/www.cnc-projekt.cz\/?page_id=198"},"modified":"2019-02-05T16:32:41","modified_gmt":"2019-02-05T16:32:41","slug":"stroj-pro-rezani-plasmou","status":"publish","type":"page","link":"https:\/\/www.cnc-projekt.cz\/?page_id=198","title":{"rendered":"Stroj pro \u0159ez\u00e1n\u00ed plasmou"},"content":{"rendered":"<h1 align=\"center\"><a href=\"http:\/\/www.cnc-projekt.cz\/wp-content\/uploads\/2013\/03\/002.jpg\"><img loading=\"lazy\" class=\" wp-image-52 alignleft\" src=\"http:\/\/www.cnc-projekt.cz\/wp-content\/uploads\/2013\/03\/002-150x150.jpg\" alt=\"002\" width=\"204\" height=\"204\" \/><\/a><b><\/b><b><i> <\/i><\/b><\/h1>\n<h4><strong>\u00a0 <\/strong><\/h4>\n<h1><strong><b>CNC p\u00e1l\u00edc\u00ed stroje \u0159ady KOMPAKT<\/b><\/strong><\/h1>\n<h4><strong><b>STROJ PRO \u0158EZ\u00c1N\u00cd PLASMOU <\/b><\/strong><\/h4>\n<p>CNC p\u00e1l\u00edc\u00ed stroj KOMPAKT je modern\u00ed, vysoce v\u00fdkonn\u00e9 za\u0159\u00edzen\u00ed \u0161iroce pou\u017e\u00edvan\u00e9 v termick\u00e9m agreg\u00e1tu. Stroj je ur\u010den pro nasazen\u00ed technologie kysl\u00edkov\u00e9ho \u0159ez\u00e1n\u00ed a plazmov\u00e9 technologie \u0159ez\u00e1n\u00ed. P\u0159i oboj\u00edm vynik\u00e1 svou vysokou dynamikou. To v\u0161e pro maxim\u00e1ln\u00ed p\u0159esnost a vysokou \u00fa\u010dinnost.<\/p>\n<p>V p\u0159\u00edpad\u011b vyu\u017eit\u00ed plasmov\u00e9ho p\u00e1len\u00ed lze nainstalovat plasmov\u00fd zdroj a ho\u0159\u00e1k s tzv. HighPerformance syst\u00e9mem p\u00e1len\u00ed. Vyzna\u010duje se velmi tuh\u00fdm a kompaktn\u00edm r\u00e1mem, kabelov\u00fdmi rozvody v energetick\u00fdch zakryt\u00fdch \u0159et\u011bzech, digit\u00e1ln\u00ed synchronizac\u00ed pohybu lev\u00e9 a prav\u00e9 strany port\u00e1lu, vysok\u00fdm stupn\u011bm automatizace a \u0161irokou \u0161k\u00e1lou profesion\u00e1ln\u00edch dopl\u0148k\u016f.<\/p>\n<h3><a href=\"http:\/\/www.cnc-projekt.cz\/?page_id=326\"><span style=\"text-decoration: underline;\"><strong>\u00a0KOMPAKT 1000<\/strong><\/span><strong> \u00a0 \u00a0 \u00a0 \u00a0 \u00a0 \u00a0 \u00a0\u00a0<\/strong><\/a><\/h3>\n<h3><a href=\"http:\/\/www.cnc-projekt.cz\/?page_id=374\">\u00a0<span style=\"text-decoration: underline;\"><strong>KOMPAKT 2000<\/strong><\/span><\/a><\/h3>\n<p><b>\u00a0<\/b><\/p>\n","protected":false},"excerpt":{"rendered":"<p>\u00a0 CNC p\u00e1l\u00edc\u00ed stroje \u0159ady KOMPAKT STROJ PRO \u0158EZ\u00c1N\u00cd PLASMOU CNC p\u00e1l\u00edc\u00ed stroj KOMPAKT je modern\u00ed, vysoce v\u00fdkonn\u00e9 za\u0159\u00edzen\u00ed \u0161iroce pou\u017e\u00edvan\u00e9 v termick\u00e9m agreg\u00e1tu. Stroj je ur\u010den pro nasazen\u00ed technologie&#8230;<\/p>\n","protected":false},"author":2,"featured_media":0,"parent":0,"menu_order":0,"comment_status":"closed","ping_status":"open","template":"","meta":{"_mi_skip_tracking":false},"_links":{"self":[{"href":"https:\/\/www.cnc-projekt.cz\/index.php?rest_route=\/wp\/v2\/pages\/198"}],"collection":[{"href":"https:\/\/www.cnc-projekt.cz\/index.php?rest_route=\/wp\/v2\/pages"}],"about":[{"href":"https:\/\/www.cnc-projekt.cz\/index.php?rest_route=\/wp\/v2\/types\/page"}],"author":[{"embeddable":true,"href":"https:\/\/www.cnc-projekt.cz\/index.php?rest_route=\/wp\/v2\/users\/2"}],"replies":[{"embeddable":true,"href":"https:\/\/www.cnc-projekt.cz\/index.php?rest_route=%2Fwp%2Fv2%2Fcomments&post=198"}],"version-history":[{"count":19,"href":"https:\/\/www.cnc-projekt.cz\/index.php?rest_route=\/wp\/v2\/pages\/198\/revisions"}],"predecessor-version":[{"id":745,"href":"https:\/\/www.cnc-projekt.cz\/index.php?rest_route=\/wp\/v2\/pages\/198\/revisions\/745"}],"wp:attachment":[{"href":"https:\/\/www.cnc-projekt.cz\/index.php?rest_route=%2Fwp%2Fv2%2Fmedia&parent=198"}],"curies":[{"name":"wp","href":"https:\/\/api.w.org\/{rel}","templated":true}]}}