{"id":2,"date":"2013-03-23T16:10:46","date_gmt":"2013-03-23T16:10:46","guid":{"rendered":"http:\/\/www.cnc-projekt.cz\/?page_id=2"},"modified":"2019-02-11T10:39:30","modified_gmt":"2019-02-11T10:39:30","slug":"zkusebni-stranka","status":"publish","type":"page","link":"https:\/\/www.cnc-projekt.cz\/","title":{"rendered":"\u00davod"},"content":{"rendered":"\n<p>V\u00e1\u017een\u00ed klienti,<\/p>\n<p>v\u00edt\u00e1me V\u00e1s na ofici\u00e1ln\u00edch str\u00e1nk\u00e1ch CNC-projekt \u010cesk\u00e1 Republika.\u00a0 Poskytujeme zak\u00e1zkovou v\u00fdrobu p\u00e1l\u00edc\u00edch stroj\u016f dle p\u0159\u00e1n\u00ed z\u00e1kazn\u00edka. \u0158ezn\u00e1 s\u00edl\u00e1 stroje od 0.5mm do 200mm. Standardn\u00ed \u0159ezn\u00e1 \u0161\u00ed\u0159ka stroje je od 1000mm do 2500mm a \u0159ezn\u00e1 d\u00e9lka stroje od 2000mm do 12000mm.\u00a0 V p\u0159\u00edpad\u011b dotaz\u016f n\u00e1s nev\u00e1hejte kontaktovat.<\/p>\n<p>S pozdravem,<\/p>\n<p>CNC &#8211; projekt.cz<\/p>\n<p>\u00a0<\/p>\n<div id=\"metaslider-id-1023\" style=\"max-width: 700px;\" class=\"ml-slider-3-23-5 metaslider metaslider-flex metaslider-1023 ml-slider\">\n    <div id=\"metaslider_container_1023\">\n        <div id=\"metaslider_1023\">\n            <ul aria-live=\"polite\" class=\"slides\">\n                <li style=\"display: block; width: 100%;\" class=\"slide-1029 ms-image\"><a href=\"http:\/\/www.cnc-projekt.cz\/?page_id=192\" target=\"_self\"><img src=\"https:\/\/www.cnc-projekt.cz\/wp-content\/uploads\/2019\/02\/Picture1-300x128.png\" height=\"300\" width=\"700\" alt=\"CNC-projekt.cz\" class=\"slider-1023 slide-1029\" title=\"STROJ PRO \u0158EZ\u00c1N\u00cd PLASMOU A PLAMENEM\" \/><\/a><div class=\"caption-wrap\"><div class=\"caption\">STROJ PRO \u0158EZ\u00c1N\u00cd PLASMOU A PLAMENEM<\/div><\/div><\/li>\n                <li style=\"display: none; width: 100%;\" class=\"slide-1030 ms-image\"><a href=\"http:\/\/www.cnc-projekt.cz\/?page_id=320\" target=\"_self\"><img src=\"https:\/\/www.cnc-projekt.cz\/wp-content\/uploads\/2013\/03\/maszyna-front-700x300.jpg\" height=\"300\" width=\"700\" alt=\"Stroj na v\u00fdrobu ventilace\" class=\"slider-1023 slide-1030\" title=\"\u010cTY\u0158HRANN\u00c9 POTRUB\u00cd\" \/><\/a><div class=\"caption-wrap\"><div class=\"caption\">\u010cTY\u0158HRANN\u00c9 POTRUB\u00cd<\/div><\/div><\/li>\n                <li style=\"display: none; width: 100%;\" class=\"slide-1034 ms-image\"><a href=\"http:\/\/www.cnc-projekt.cz\/?page_id=330\" target=\"_self\"><img src=\"https:\/\/www.cnc-projekt.cz\/wp-content\/uploads\/2013\/03\/urunler1_03_u05-700x300.jpg\" height=\"300\" width=\"700\" alt=\"Stroj na v\u00fdrobu ventilace\" class=\"slider-1023 slide-1034\" title=\"SPIRO\" \/><\/a><div class=\"caption-wrap\"><div class=\"caption\">SPIRO<\/div><\/div><\/li>\n                <li style=\"display: none; width: 100%;\" class=\"slide-1035 ms-image\"><a href=\"http:\/\/www.cnc-projekt.cz\/?page_id=336\" target=\"_self\"><img src=\"https:\/\/www.cnc-projekt.cz\/wp-content\/uploads\/2013\/03\/Resim-006-wyciete-male-700x300.jpg\" height=\"300\" width=\"700\" alt=\"Stroj na v\u00fdrobu ventilace\" class=\"slider-1023 slide-1035\" title=\"Tvarovky kolena\" \/><\/a><div class=\"caption-wrap\"><div class=\"caption\">Tvarovky kolena<\/div><\/div><\/li>\n                <li style=\"display: none; width: 100%;\" class=\"slide-1036 ms-image\"><a href=\"http:\/\/www.cnc-projekt.cz\/?page_id=326\" target=\"_self\"><img src=\"https:\/\/www.cnc-projekt.cz\/wp-content\/uploads\/2013\/03\/12-700x300.jpg\" height=\"300\" width=\"700\" alt=\"Stroj pro \u0159ez\u00e1n\u00ed plasmou\" class=\"slider-1023 slide-1036\" title=\"Kompakt 1000\" \/><\/a><div class=\"caption-wrap\"><div class=\"caption\">Kompakt 1000<\/div><\/div><\/li>\n                <li style=\"display: none; width: 100%;\" class=\"slide-1037 ms-image\"><a href=\"http:\/\/www.cnc-projekt.cz\/?page_id=374\" target=\"_self\"><img src=\"https:\/\/www.cnc-projekt.cz\/wp-content\/uploads\/2013\/03\/12-700x300.jpg\" height=\"300\" width=\"700\" alt=\"Stroj pro \u0159ez\u00e1n\u00ed plasmou\" class=\"slider-1023 slide-1037\" title=\"Kompakt 2000\" \/><\/a><div class=\"caption-wrap\"><div class=\"caption\">Kompakt 2000<\/div><\/div><\/li>\n            <\/ul>\n        <\/div>\n        \n    <\/div>\n<\/div>\n<p>\u00a0<\/p>\n<p>\u00a0<\/p>\n","protected":false},"excerpt":{"rendered":"<p>V\u00e1\u017een\u00ed klienti, v\u00edt\u00e1me V\u00e1s na ofici\u00e1ln\u00edch str\u00e1nk\u00e1ch CNC-projekt \u010cesk\u00e1 Republika.\u00a0 Poskytujeme zak\u00e1zkovou v\u00fdrobu p\u00e1l\u00edc\u00edch stroj\u016f dle p\u0159\u00e1n\u00ed z\u00e1kazn\u00edka. \u0158ezn\u00e1 s\u00edl\u00e1 stroje od 0.5mm do 200mm. Standardn\u00ed \u0159ezn\u00e1 \u0161\u00ed\u0159ka stroje je&#8230;<\/p>\n","protected":false},"author":1,"featured_media":0,"parent":0,"menu_order":0,"comment_status":"closed","ping_status":"open","template":"","meta":{"_mi_skip_tracking":false},"_links":{"self":[{"href":"https:\/\/www.cnc-projekt.cz\/index.php?rest_route=\/wp\/v2\/pages\/2"}],"collection":[{"href":"https:\/\/www.cnc-projekt.cz\/index.php?rest_route=\/wp\/v2\/pages"}],"about":[{"href":"https:\/\/www.cnc-projekt.cz\/index.php?rest_route=\/wp\/v2\/types\/page"}],"author":[{"embeddable":true,"href":"https:\/\/www.cnc-projekt.cz\/index.php?rest_route=\/wp\/v2\/users\/1"}],"replies":[{"embeddable":true,"href":"https:\/\/www.cnc-projekt.cz\/index.php?rest_route=%2Fwp%2Fv2%2Fcomments&post=2"}],"version-history":[{"count":45,"href":"https:\/\/www.cnc-projekt.cz\/index.php?rest_route=\/wp\/v2\/pages\/2\/revisions"}],"predecessor-version":[{"id":1042,"href":"https:\/\/www.cnc-projekt.cz\/index.php?rest_route=\/wp\/v2\/pages\/2\/revisions\/1042"}],"wp:attachment":[{"href":"https:\/\/www.cnc-projekt.cz\/index.php?rest_route=%2Fwp%2Fv2%2Fmedia&parent=2"}],"curies":[{"name":"wp","href":"https:\/\/api.w.org\/{rel}","templated":true}]}}