{"id":237,"date":"2013-03-27T17:58:53","date_gmt":"2013-03-27T17:58:53","guid":{"rendered":"http:\/\/www.cnc-projekt.cz\/?page_id=237"},"modified":"2019-02-05T18:32:54","modified_gmt":"2019-02-05T18:32:54","slug":"deleni-materialu","status":"publish","type":"page","link":"https:\/\/www.cnc-projekt.cz\/?page_id=237","title":{"rendered":"D\u011blen\u00ed materi\u00e1lu"},"content":{"rendered":"<h1><strong>D\u011blen\u00ed materi\u00e1lu na CNC p\u00e1l\u00edc\u00edm automatu o\u00a0rozm\u011brech 1500 x 3000 a 2000 x 4000.<\/strong><\/h1>\n<p>D\u011blen\u00ed plazmou za vyu\u017eit\u00ed HD \u0159ezu.\u00a0(agreg\u00e1t Formica 133 WDM)<\/p>\n<p>(p\u0159ed\u00a0d\u011blen\u00edm materi\u00e1lu mo\u017enost popisu d\u00edlc\u016f nebo ozna\u010den\u00ed d\u016fl\u010d\u00edkem pro n\u00e1sledn\u00e9 vrt\u00e1n\u00ed)<\/p>\n<p>Maxim\u00e1ln\u00ed s\u00edla \u0159ezu\u00a0je\u00a025 mm.\u00a0(20 mm nerez)<\/p>\n<p>D\u011blen\u00ed plynem kysl\u00edk + propan.\u00a0(\u0159ezac\u00ed ho\u0159\u00e1k Harris)<\/p>\n<p>Maxim\u00e1ln\u00ed s\u00edla \u0159ezu 150 mm.\u00a0(v\u010detn\u011b vnit\u0159n\u00edch otvoru)bez propichu max.\u00a0s\u00edla 200 mm.<\/p>\n<h2><strong><b>Pro zad\u00e1n\u00ed popt\u00e1vky n\u00e1s kontaktujte:<\/b><\/strong><\/h2>\n<h3>Vedouc\u00ed v\u00fdroby\u00a0Michal Ho\u0161ek<\/h3>\n<p>Tel: +420 777 886 650<\/p>\n","protected":false},"excerpt":{"rendered":"<p>D\u011blen\u00ed materi\u00e1lu na CNC p\u00e1l\u00edc\u00edm automatu o\u00a0rozm\u011brech 1500 x 3000 a 2000 x 4000. D\u011blen\u00ed plazmou za vyu\u017eit\u00ed HD \u0159ezu.\u00a0(agreg\u00e1t Formica 133 WDM) (p\u0159ed\u00a0d\u011blen\u00edm materi\u00e1lu mo\u017enost popisu d\u00edlc\u016f nebo ozna\u010den\u00ed&#8230;<\/p>\n","protected":false},"author":3,"featured_media":0,"parent":0,"menu_order":0,"comment_status":"closed","ping_status":"open","template":"","meta":{"_mi_skip_tracking":false},"_links":{"self":[{"href":"https:\/\/www.cnc-projekt.cz\/index.php?rest_route=\/wp\/v2\/pages\/237"}],"collection":[{"href":"https:\/\/www.cnc-projekt.cz\/index.php?rest_route=\/wp\/v2\/pages"}],"about":[{"href":"https:\/\/www.cnc-projekt.cz\/index.php?rest_route=\/wp\/v2\/types\/page"}],"author":[{"embeddable":true,"href":"https:\/\/www.cnc-projekt.cz\/index.php?rest_route=\/wp\/v2\/users\/3"}],"replies":[{"embeddable":true,"href":"https:\/\/www.cnc-projekt.cz\/index.php?rest_route=%2Fwp%2Fv2%2Fcomments&post=237"}],"version-history":[{"count":4,"href":"https:\/\/www.cnc-projekt.cz\/index.php?rest_route=\/wp\/v2\/pages\/237\/revisions"}],"predecessor-version":[{"id":1019,"href":"https:\/\/www.cnc-projekt.cz\/index.php?rest_route=\/wp\/v2\/pages\/237\/revisions\/1019"}],"wp:attachment":[{"href":"https:\/\/www.cnc-projekt.cz\/index.php?rest_route=%2Fwp%2Fv2%2Fmedia&parent=237"}],"curies":[{"name":"wp","href":"https:\/\/api.w.org\/{rel}","templated":true}]}}