{"id":297,"date":"2013-03-27T19:05:13","date_gmt":"2013-03-27T19:05:13","guid":{"rendered":"http:\/\/www.cnc-projekt.cz\/?page_id=297"},"modified":"2020-04-16T06:23:56","modified_gmt":"2020-04-16T06:23:56","slug":"stroje-na-vyrobu-ventilace","status":"publish","type":"page","link":"https:\/\/www.cnc-projekt.cz\/?page_id=297","title":{"rendered":"Stroje na v\u00fdrobu vzduchotechnick\u00e9ho potrub\u00ed"},"content":{"rendered":"<h2><strong><span style=\"color: #000000;\"><a href=\"http:\/\/www.cnc-projekt.cz\/?page_id=1173\"><img loading=\"lazy\" class=\"alignnone size-medium wp-image-1214\" src=\"http:\/\/www.cnc-projekt.cz\/wp-content\/uploads\/2020\/04\/mini-spiro-300x300.png\" alt=\"\" width=\"300\" height=\"300\" srcset=\"https:\/\/www.cnc-projekt.cz\/wp-content\/uploads\/2020\/04\/mini-spiro-300x300.png 300w, https:\/\/www.cnc-projekt.cz\/wp-content\/uploads\/2020\/04\/mini-spiro-150x150.png 150w, https:\/\/www.cnc-projekt.cz\/wp-content\/uploads\/2020\/04\/mini-spiro.png 448w\" sizes=\"(max-width: 300px) 100vw, 300px\" \/><\/a><a href=\"http:\/\/www.cnc-projekt.cz\/?page_id=1195\"><img loading=\"lazy\" class=\"alignnone size-medium wp-image-1194\" src=\"http:\/\/www.cnc-projekt.cz\/wp-content\/uploads\/2020\/04\/Speci\u00e1ln\u00ed-v\u00e1lce-300x248.png\" alt=\"\" width=\"300\" height=\"248\" srcset=\"https:\/\/www.cnc-projekt.cz\/wp-content\/uploads\/2020\/04\/Speci\u00e1ln\u00ed-v\u00e1lce-300x248.png 300w, https:\/\/www.cnc-projekt.cz\/wp-content\/uploads\/2020\/04\/Speci\u00e1ln\u00ed-v\u00e1lce.png 425w\" sizes=\"(max-width: 300px) 100vw, 300px\" \/><\/a><a href=\"http:\/\/www.cnc-projekt.cz\/?page_id=1188\"><img loading=\"lazy\" class=\"alignnone wp-image-1190 size-medium\" src=\"http:\/\/www.cnc-projekt.cz\/wp-content\/uploads\/2020\/04\/Oh\u00fdba\u010dka-300x280.png\" alt=\"\" width=\"300\" height=\"280\" srcset=\"https:\/\/www.cnc-projekt.cz\/wp-content\/uploads\/2020\/04\/Oh\u00fdba\u010dka-300x280.png 300w, https:\/\/www.cnc-projekt.cz\/wp-content\/uploads\/2020\/04\/Oh\u00fdba\u010dka.png 453w\" sizes=\"(max-width: 300px) 100vw, 300px\" \/><\/a><a href=\"http:\/\/www.cnc-projekt.cz\/?page_id=484\"><img loading=\"lazy\" class=\"alignleft wp-image-477 size-medium\" src=\"http:\/\/www.cnc-projekt.cz\/wp-content\/uploads\/2013\/03\/urunler1_02_u09-300x242.jpg\" alt=\"\" width=\"300\" height=\"242\" srcset=\"https:\/\/www.cnc-projekt.cz\/wp-content\/uploads\/2013\/03\/urunler1_02_u09-300x242.jpg 300w, https:\/\/www.cnc-projekt.cz\/wp-content\/uploads\/2013\/03\/urunler1_02_u09-1024x827.jpg 1024w, https:\/\/www.cnc-projekt.cz\/wp-content\/uploads\/2013\/03\/urunler1_02_u09.jpg 1400w\" sizes=\"(max-width: 300px) 100vw, 300px\" \/><\/a><a href=\"http:\/\/www.cnc-projekt.cz\/?page_id=1153\"><img loading=\"lazy\" class=\"alignright wp-image-1152 size-medium\" src=\"http:\/\/www.cnc-projekt.cz\/wp-content\/uploads\/2020\/04\/V\u00fdroba-p\u0159\u00edrub-300x239.png\" alt=\"\" width=\"300\" height=\"239\" srcset=\"https:\/\/www.cnc-projekt.cz\/wp-content\/uploads\/2020\/04\/V\u00fdroba-p\u0159\u00edrub-300x239.png 300w, https:\/\/www.cnc-projekt.cz\/wp-content\/uploads\/2020\/04\/V\u00fdroba-p\u0159\u00edrub.png 359w\" sizes=\"(max-width: 300px) 100vw, 300px\" \/><\/a><a href=\"http:\/\/www.cnc-projekt.cz\/?page_id=330\"><img loading=\"lazy\" class=\"alignright wp-image-451 size-medium\" src=\"http:\/\/www.cnc-projekt.cz\/wp-content\/uploads\/2013\/03\/urunler1_03_u02-277x300.jpg\" alt=\"\" width=\"277\" height=\"300\" srcset=\"https:\/\/www.cnc-projekt.cz\/wp-content\/uploads\/2013\/03\/urunler1_03_u02-277x300.jpg 277w, https:\/\/www.cnc-projekt.cz\/wp-content\/uploads\/2013\/03\/urunler1_03_u02.jpg 800w\" sizes=\"(max-width: 277px) 100vw, 277px\" \/><\/a><a href=\"http:\/\/www.cnc-projekt.cz\/?page_id=320\"><img loading=\"lazy\" class=\"alignright wp-image-431 size-medium\" src=\"http:\/\/www.cnc-projekt.cz\/wp-content\/uploads\/2013\/03\/sente3-300x199.png\" alt=\"\" width=\"300\" height=\"199\" srcset=\"https:\/\/www.cnc-projekt.cz\/wp-content\/uploads\/2013\/03\/sente3-300x199.png 300w, https:\/\/www.cnc-projekt.cz\/wp-content\/uploads\/2013\/03\/sente3.png 728w\" sizes=\"(max-width: 300px) 100vw, 300px\" \/><\/a><br \/>\n<a href=\"http:\/\/www.cnc-projekt.cz\/?p=1084\"><img loading=\"lazy\" class=\"alignleft wp-image-1086 size-medium\" src=\"http:\/\/www.cnc-projekt.cz\/wp-content\/uploads\/2020\/01\/P\u0158\u00cdRUBOV\u00dd-\u0158EZAC\u00cd-STROJ-300x300.png\" alt=\"\" width=\"300\" height=\"300\" srcset=\"https:\/\/www.cnc-projekt.cz\/wp-content\/uploads\/2020\/01\/P\u0158\u00cdRUBOV\u00dd-\u0158EZAC\u00cd-STROJ-300x300.png 300w, https:\/\/www.cnc-projekt.cz\/wp-content\/uploads\/2020\/01\/P\u0158\u00cdRUBOV\u00dd-\u0158EZAC\u00cd-STROJ-150x150.png 150w, https:\/\/www.cnc-projekt.cz\/wp-content\/uploads\/2020\/01\/P\u0158\u00cdRUBOV\u00dd-\u0158EZAC\u00cd-STROJ.png 453w\" sizes=\"(max-width: 300px) 100vw, 300px\" \/><\/a><a href=\"http:\/\/www.cnc-projekt.cz\/?p=1078\"><img loading=\"lazy\" class=\"alignleft wp-image-1080 size-medium\" src=\"http:\/\/www.cnc-projekt.cz\/wp-content\/uploads\/2020\/01\/line\u00e1rn\u00ed-sv\u00e1\u0159eni-img-300x300.jpg\" alt=\"\" width=\"300\" height=\"300\" srcset=\"https:\/\/www.cnc-projekt.cz\/wp-content\/uploads\/2020\/01\/line\u00e1rn\u00ed-sv\u00e1\u0159eni-img-300x300.jpg 300w, https:\/\/www.cnc-projekt.cz\/wp-content\/uploads\/2020\/01\/line\u00e1rn\u00ed-sv\u00e1\u0159eni-img-150x150.jpg 150w, https:\/\/www.cnc-projekt.cz\/wp-content\/uploads\/2020\/01\/line\u00e1rn\u00ed-sv\u00e1\u0159eni-img.jpg 447w\" sizes=\"(max-width: 300px) 100vw, 300px\" \/><\/a><a href=\"http:\/\/www.cnc-projekt.cz\/?p=1103\"><img loading=\"lazy\" class=\"alignright wp-image-1104 size-medium\" src=\"http:\/\/www.cnc-projekt.cz\/wp-content\/uploads\/2020\/01\/UZAV\u00ddRA\u010c-FALC\u016e-NA-KULAT\u00c9M-POTRUB\u00cd-300x297.png\" alt=\"\" width=\"300\" height=\"297\" srcset=\"https:\/\/www.cnc-projekt.cz\/wp-content\/uploads\/2020\/01\/UZAV\u00ddRA\u010c-FALC\u016e-NA-KULAT\u00c9M-POTRUB\u00cd-300x297.png 300w, https:\/\/www.cnc-projekt.cz\/wp-content\/uploads\/2020\/01\/UZAV\u00ddRA\u010c-FALC\u016e-NA-KULAT\u00c9M-POTRUB\u00cd-150x150.png 150w, https:\/\/www.cnc-projekt.cz\/wp-content\/uploads\/2020\/01\/UZAV\u00ddRA\u010c-FALC\u016e-NA-KULAT\u00c9M-POTRUB\u00cd.png 452w\" sizes=\"(max-width: 300px) 100vw, 300px\" \/><\/a><br \/>\n<\/span><\/strong><\/h2>\n<p style=\"text-align: center;\"><a href=\"http:\/\/www.cnc-projekt.cz\/?p=1098\"><img loading=\"lazy\" class=\"wp-image-1100 size-medium alignnone\" src=\"http:\/\/www.cnc-projekt.cz\/wp-content\/uploads\/2020\/01\/V\u00ddROBA-P\u0158\u00cdRUB-NA-ZAOBLEN\u00ddCH-D\u00cdLECH-300x300.png\" alt=\"\" width=\"300\" height=\"300\" srcset=\"https:\/\/www.cnc-projekt.cz\/wp-content\/uploads\/2020\/01\/V\u00ddROBA-P\u0158\u00cdRUB-NA-ZAOBLEN\u00ddCH-D\u00cdLECH-300x300.png 300w, https:\/\/www.cnc-projekt.cz\/wp-content\/uploads\/2020\/01\/V\u00ddROBA-P\u0158\u00cdRUB-NA-ZAOBLEN\u00ddCH-D\u00cdLECH-150x150.png 150w, https:\/\/www.cnc-projekt.cz\/wp-content\/uploads\/2020\/01\/V\u00ddROBA-P\u0158\u00cdRUB-NA-ZAOBLEN\u00ddCH-D\u00cdLECH.png 450w\" sizes=\"(max-width: 300px) 100vw, 300px\" \/><\/a><a href=\"http:\/\/www.cnc-projekt.cz\/?p=1094\"><img loading=\"lazy\" class=\"alignright wp-image-1095 size-medium\" src=\"http:\/\/www.cnc-projekt.cz\/wp-content\/uploads\/2020\/01\/tvarov\u00e1n\u00ed-lemu-300x300.png\" alt=\"\" width=\"300\" height=\"300\" \/><\/a><\/p>\n<p style=\"text-align: center;\"><a href=\"http:\/\/www.cnc-projekt.cz\/?p=1089\"><img loading=\"lazy\" class=\"alignleft wp-image-1090 size-medium\" src=\"http:\/\/www.cnc-projekt.cz\/wp-content\/uploads\/2020\/01\/stroj-na-uzav\u00edr\u00e1n\u00ed-tvarovek-300x300.png\" alt=\"\" width=\"300\" height=\"300\" srcset=\"https:\/\/www.cnc-projekt.cz\/wp-content\/uploads\/2020\/01\/stroj-na-uzav\u00edr\u00e1n\u00ed-tvarovek-300x300.png 300w, https:\/\/www.cnc-projekt.cz\/wp-content\/uploads\/2020\/01\/stroj-na-uzav\u00edr\u00e1n\u00ed-tvarovek-150x150.png 150w, https:\/\/www.cnc-projekt.cz\/wp-content\/uploads\/2020\/01\/stroj-na-uzav\u00edr\u00e1n\u00ed-tvarovek.png 451w\" sizes=\"(max-width: 300px) 100vw, 300px\" \/><\/a><\/p>\n","protected":false},"excerpt":{"rendered":"","protected":false},"author":3,"featured_media":0,"parent":0,"menu_order":0,"comment_status":"closed","ping_status":"open","template":"","meta":{"_mi_skip_tracking":false},"_links":{"self":[{"href":"https:\/\/www.cnc-projekt.cz\/index.php?rest_route=\/wp\/v2\/pages\/297"}],"collection":[{"href":"https:\/\/www.cnc-projekt.cz\/index.php?rest_route=\/wp\/v2\/pages"}],"about":[{"href":"https:\/\/www.cnc-projekt.cz\/index.php?rest_route=\/wp\/v2\/types\/page"}],"author":[{"embeddable":true,"href":"https:\/\/www.cnc-projekt.cz\/index.php?rest_route=\/wp\/v2\/users\/3"}],"replies":[{"embeddable":true,"href":"https:\/\/www.cnc-projekt.cz\/index.php?rest_route=%2Fwp%2Fv2%2Fcomments&post=297"}],"version-history":[{"count":26,"href":"https:\/\/www.cnc-projekt.cz\/index.php?rest_route=\/wp\/v2\/pages\/297\/revisions"}],"predecessor-version":[{"id":1216,"href":"https:\/\/www.cnc-projekt.cz\/index.php?rest_route=\/wp\/v2\/pages\/297\/revisions\/1216"}],"wp:attachment":[{"href":"https:\/\/www.cnc-projekt.cz\/index.php?rest_route=%2Fwp%2Fv2%2Fmedia&parent=297"}],"curies":[{"name":"wp","href":"https:\/\/api.w.org\/{rel}","templated":true}]}}