{"id":320,"date":"2013-03-27T19:34:17","date_gmt":"2013-03-27T19:34:17","guid":{"rendered":"http:\/\/www.cnc-projekt.cz\/?page_id=320"},"modified":"2020-04-16T05:35:42","modified_gmt":"2020-04-16T05:35:42","slug":"ctyrhranne-potrubi","status":"publish","type":"page","link":"https:\/\/www.cnc-projekt.cz\/?page_id=320","title":{"rendered":"\u010cty\u0159hrann\u00e9 potrub\u00ed"},"content":{"rendered":"<h2><\/h2>\n<p><a href=\"http:\/\/www.cnc-projekt.cz\/wp-content\/uploads\/2013\/03\/maszyna-front.jpg\"><img loading=\"lazy\" class=\"alignnone wp-image-286\" src=\"http:\/\/www.cnc-projekt.cz\/wp-content\/uploads\/2013\/03\/maszyna-front-300x225.jpg\" alt=\"maszyna front\" width=\"270\" height=\"203\" srcset=\"https:\/\/www.cnc-projekt.cz\/wp-content\/uploads\/2013\/03\/maszyna-front-300x225.jpg 300w, https:\/\/www.cnc-projekt.cz\/wp-content\/uploads\/2013\/03\/maszyna-front.jpg 800w\" sizes=\"(max-width: 270px) 100vw, 270px\" \/><\/a><\/p>\n<h1 style=\"text-align: center;\"><strong><b>Pln\u011b automatick\u00e1 linka na tvorbu hranat\u00e9ho potrub\u00ed<\/b><\/strong><\/h1>\n<p style=\"text-align: center;\"><span style=\"font-size: 14pt;\"><strong>A<\/strong>uto\u00a0<strong> D<\/strong>uct<strong>\u00a0 F<\/strong>ormer<\/span><\/p>\n<p style=\"text-align: center;\"><span style=\"color: #000000; font-family: 'arial black', sans-serif; font-size: 18pt;\"><strong>ADF<\/strong><\/span><\/p>\n<h1><a href=\"https:\/\/www.youtube.com\/watch?v=ZQhziwfSCbo\"><strong><b>Uk\u00e1zka stroje p\u0159i pr\u00e1ci<\/b><\/strong><\/a><\/h1>\n<p>https:\/\/sentemakina.com.tr\/en\/portfolio\/auto-duct-former<\/p>\n<p>Za\u0159\u00edzen\u00ed je ur\u010deno pro v\u00fdrobu hranat\u00e9ho potrub\u00ed z nejvy\u0161\u0161\u00ed efektivitou a bez odpad\u016f.Ve spojen\u00ed se strojen na uzav\u00edr\u00e1n\u00ed potrub\u00ed tvo\u0159\u00ed z\u00e1klad ka\u017ed\u00e9 d\u00edlny s vysok\u00fdm d\u016frazem na efektivitu pr\u00e1ce.<\/p>\n<h3><strong><b>K tomuto za\u0159\u00edzen\u00ed je mo\u017en\u00e9 dokoupit p\u0159\u00eddavn\u00e9 moduly:<\/b><\/strong><\/h3>\n<p>&#8211; Automatick\u00fd syst\u00e9m tisku etiket<\/p>\n<p>&#8211; Hydraulick\u00fd vysek\u00e1vac\u00ed modul<\/p>\n<p>&#8211; P\u0159ep\u00ednan\u00ed mezi typem zes\u00edlen\u00ed (prolamov\u00e1n\u00ed)<\/p>\n<p>&#8211; Hydraulick\u00fd pohon (nam\u00edsto pneumatick\u00e9ho)<\/p>\n<p>&#8211; Sente Form (patentovan\u00e1 technologie)<\/p>\n<p><strong><b>Parametry stroje<\/b><\/strong><\/p>\n<table>\n<tbody>\n<tr>\n<td width=\"403\">Max v\u00e1ha role<\/td>\n<td width=\"316\">4 t<\/td>\n<\/tr>\n<tr>\n<td width=\"403\">Max rozm\u011br<\/td>\n<td width=\"316\">1500 mm<\/td>\n<\/tr>\n<tr>\n<td width=\"403\">S\u00edla ocelov\u00e9ho plechu<\/td>\n<td width=\"316\">0,5 \u2013 1,25 mm<\/td>\n<\/tr>\n<tr>\n<td width=\"403\">Vysek\u00e1vac\u00ed modul<\/td>\n<td width=\"316\">Nadstandart<\/td>\n<\/tr>\n<tr>\n<td width=\"403\">Po\u010det bubn\u016f<\/td>\n<td width=\"316\">Standardowo 1 &#8211; 3<\/td>\n<\/tr>\n<tr>\n<td width=\"403\">V\u00fdkon motoru<\/td>\n<td width=\"316\">2,2 kW<\/td>\n<\/tr>\n<tr>\n<td width=\"403\">Rozm\u011bry<\/td>\n<td width=\"316\">2,2 x 3,0 x 1,5 [m]<\/td>\n<\/tr>\n<tr>\n<td width=\"403\">Rozm\u011bry bubnu<\/td>\n<td width=\"316\">2,2 x 7,5 x 1,5 [m]<\/td>\n<\/tr>\n<tr>\n<td width=\"403\">Nap\u00e1jen\u00ed<\/td>\n<td width=\"316\">230 V<\/td>\n<\/tr>\n<tr>\n<td width=\"403\">V\u00e1ha<\/td>\n<td width=\"316\">3360 kg<\/td>\n<\/tr>\n<tr>\n<td width=\"403\">Minim\u00e1ln\u00ed d\u00e9lka kan\u00e1lu<\/td>\n<td width=\"316\">500 mm<\/td>\n<\/tr>\n<tr>\n<td width=\"403\">Maxim\u00e1ln\u00ed d\u00e9lka kan\u00e1lu<\/td>\n<td width=\"316\">1500 mm<\/td>\n<\/tr>\n<tr>\n<td width=\"403\">Rychlosti<\/td>\n<td width=\"316\">5 \u2013 15 m\/min<\/td>\n<\/tr>\n<tr>\n<td width=\"403\">Tlak vzduchu<\/td>\n<td width=\"316\">6,5 bar<\/td>\n<\/tr>\n<tr>\n<td width=\"403\">Prolamov\u00e1n\u00ed<\/td>\n<td width=\"316\">\u201eZ\u201d ( podle po\u017eadavk\u016f )<\/td>\n<\/tr>\n<tr>\n<td width=\"403\">\u0158\u00edzen\u00ed<\/td>\n<td width=\"316\">Dotykov\u00fd monitor PLC<\/td>\n<\/tr>\n<tr>\n<td width=\"403\">Minim\u00e1ln\u00ed rozm\u011br kan\u00e1lu<\/td>\n<td width=\"316\">125 x 125 mm<\/td>\n<\/tr>\n<\/tbody>\n<\/table>\n","protected":false},"excerpt":{"rendered":"<p>Pln\u011b automatick\u00e1 linka na tvorbu hranat\u00e9ho potrub\u00ed Auto\u00a0 Duct\u00a0 Former ADF Uk\u00e1zka stroje p\u0159i pr\u00e1ci https:\/\/sentemakina.com.tr\/en\/portfolio\/auto-duct-former Za\u0159\u00edzen\u00ed je ur\u010deno pro v\u00fdrobu hranat\u00e9ho potrub\u00ed z nejvy\u0161\u0161\u00ed efektivitou a bez odpad\u016f.Ve spojen\u00ed&#8230;<\/p>\n","protected":false},"author":3,"featured_media":0,"parent":0,"menu_order":0,"comment_status":"closed","ping_status":"open","template":"","meta":{"_mi_skip_tracking":false},"_links":{"self":[{"href":"https:\/\/www.cnc-projekt.cz\/index.php?rest_route=\/wp\/v2\/pages\/320"}],"collection":[{"href":"https:\/\/www.cnc-projekt.cz\/index.php?rest_route=\/wp\/v2\/pages"}],"about":[{"href":"https:\/\/www.cnc-projekt.cz\/index.php?rest_route=\/wp\/v2\/types\/page"}],"author":[{"embeddable":true,"href":"https:\/\/www.cnc-projekt.cz\/index.php?rest_route=\/wp\/v2\/users\/3"}],"replies":[{"embeddable":true,"href":"https:\/\/www.cnc-projekt.cz\/index.php?rest_route=%2Fwp%2Fv2%2Fcomments&post=320"}],"version-history":[{"count":21,"href":"https:\/\/www.cnc-projekt.cz\/index.php?rest_route=\/wp\/v2\/pages\/320\/revisions"}],"predecessor-version":[{"id":1291,"href":"https:\/\/www.cnc-projekt.cz\/index.php?rest_route=\/wp\/v2\/pages\/320\/revisions\/1291"}],"wp:attachment":[{"href":"https:\/\/www.cnc-projekt.cz\/index.php?rest_route=%2Fwp%2Fv2%2Fmedia&parent=320"}],"curies":[{"name":"wp","href":"https:\/\/api.w.org\/{rel}","templated":true}]}}