{"id":336,"date":"2013-03-27T19:40:43","date_gmt":"2013-03-27T19:40:43","guid":{"rendered":"http:\/\/www.cnc-projekt.cz\/?page_id=336"},"modified":"2020-04-16T05:52:43","modified_gmt":"2020-04-16T05:52:43","slug":"tvarovky-kolena","status":"publish","type":"page","link":"https:\/\/www.cnc-projekt.cz\/?page_id=336","title":{"rendered":"Tvarovky kolena"},"content":{"rendered":"<h1><strong>Stroj na v\u00fdrobu kolen<\/strong><a href=\"http:\/\/www.cnc-projekt.cz\/wp-content\/uploads\/2013\/03\/Resim-006-wyciete-male.jpg\"><img loading=\"lazy\" class=\" wp-image-288 alignright\" src=\"http:\/\/www.cnc-projekt.cz\/wp-content\/uploads\/2013\/03\/Resim-006-wyciete-male-300x164.jpg\" alt=\"Resim 006 wyciete male\" width=\"266\" height=\"145\" srcset=\"https:\/\/www.cnc-projekt.cz\/wp-content\/uploads\/2013\/03\/Resim-006-wyciete-male-300x164.jpg 300w, https:\/\/www.cnc-projekt.cz\/wp-content\/uploads\/2013\/03\/Resim-006-wyciete-male.jpg 1024w\" sizes=\"(max-width: 266px) 100vw, 266px\" \/><\/a><\/h1>\n<p>Stroj se vyzna\u010duje precizn\u00edm zpracov\u00e1n\u00ed a jednoduchosti manipulace p\u0159i formov\u00e1n\u00ed z\u00e1mku.\u00a0Jeho nejv\u011bt\u0161\u00ed v\u00fdhodou jsou dv\u011b pracovn\u00ed m\u00edsta, ka\u017ed\u00e9 se vlastn\u00edm pohonem. Toto umo\u017e\u0148uje pr\u00e1ci\u00a0dvou pracovn\u00edku nar\u00e1z p\u0159i\u010dem\u017e jeden formuje z\u00e1mek a druh\u00fd spojuje d\u00edly.Pohon stroje je pln\u011b hydraulick\u00fd a \u0159\u00edzen\u00fd proporcion\u00e1ln\u00edmi ventily co\u017e zvy\u0161uje produktivitu pr\u00e1ce a tak\u00e9 zvy\u0161uje komfort p\u0159i pr\u00e1ci.<\/p>\n<h2><span style=\"color: #ff0000;\"><a href=\"https:\/\/www.youtube.com\/watch?v=ArAwtIF10Jw\">Uk\u00e1zka stroje p\u0159i pr\u00e1ci<\/a>\u00a0\u00a0<\/span><\/h2>\n<table>\n<tbody>\n<tr>\n<td colspan=\"2\" width=\"719\">Technick\u00e9 parametry<\/td>\n<\/tr>\n<tr>\n<td width=\"381\">Nez\u00e1visl\u00fd pohon<\/td>\n<td width=\"338\">ANO<\/td>\n<\/tr>\n<tr>\n<td width=\"381\">Druh pohonu<\/td>\n<td width=\"338\">Hydrauliczny, proporcion\u00e1ln\u00ed s plynulou regulac\u00ed<\/td>\n<\/tr>\n<tr>\n<td width=\"381\">S\u00edla materi\u00e1lu<\/td>\n<td width=\"338\">0,5 \u2013 1 mm<\/td>\n<\/tr>\n<tr>\n<td width=\"381\">Pr\u016fm\u011br segmentu<\/td>\n<td width=\"338\">125 \u2013 1250 mm<\/td>\n<\/tr>\n<tr>\n<td width=\"381\">\u010cas v\u00fdroby hotov\u00e9ho kolene<\/td>\n<td width=\"338\">3-4 min<br \/>\n(4 segmenty, 400, 90 st.)<\/td>\n<\/tr>\n<tr>\n<td width=\"381\">Tlak vzduchu<\/td>\n<td width=\"338\">7 bar<\/td>\n<\/tr>\n<tr>\n<td width=\"381\">Spot\u0159eba vzduchu<\/td>\n<td width=\"338\">75 l\/h<\/td>\n<\/tr>\n<tr>\n<td width=\"381\">Olejov\u00e1 n\u00e1pl\u0148<\/td>\n<td width=\"338\">80 l<\/td>\n<\/tr>\n<tr>\n<td width=\"381\">Nap\u00e1jen\u00ed<\/td>\n<td width=\"338\">380V, 50 Hz \/ 380V, 60 Hz<\/td>\n<\/tr>\n<tr>\n<td width=\"381\">V\u00fdkon motoru<\/td>\n<td width=\"338\">5,5 KW<\/td>\n<\/tr>\n<tr>\n<td width=\"381\">Rozm\u011bry stroje<\/td>\n<td width=\"338\">2800x700x970 mm<\/td>\n<\/tr>\n<tr>\n<td width=\"381\">V\u00e1ha stroje<\/td>\n<td width=\"338\">725 kg<\/td>\n<\/tr>\n<\/tbody>\n<\/table>\n","protected":false},"excerpt":{"rendered":"<p>Stroj na v\u00fdrobu kolen Stroj se vyzna\u010duje precizn\u00edm zpracov\u00e1n\u00ed a jednoduchosti manipulace p\u0159i formov\u00e1n\u00ed z\u00e1mku.\u00a0Jeho nejv\u011bt\u0161\u00ed v\u00fdhodou jsou dv\u011b pracovn\u00ed m\u00edsta, ka\u017ed\u00e9 se vlastn\u00edm pohonem. Toto umo\u017e\u0148uje pr\u00e1ci\u00a0dvou pracovn\u00edku nar\u00e1z&#8230;<\/p>\n","protected":false},"author":3,"featured_media":0,"parent":0,"menu_order":0,"comment_status":"closed","ping_status":"open","template":"","meta":{"_mi_skip_tracking":false},"_links":{"self":[{"href":"https:\/\/www.cnc-projekt.cz\/index.php?rest_route=\/wp\/v2\/pages\/336"}],"collection":[{"href":"https:\/\/www.cnc-projekt.cz\/index.php?rest_route=\/wp\/v2\/pages"}],"about":[{"href":"https:\/\/www.cnc-projekt.cz\/index.php?rest_route=\/wp\/v2\/types\/page"}],"author":[{"embeddable":true,"href":"https:\/\/www.cnc-projekt.cz\/index.php?rest_route=\/wp\/v2\/users\/3"}],"replies":[{"embeddable":true,"href":"https:\/\/www.cnc-projekt.cz\/index.php?rest_route=%2Fwp%2Fv2%2Fcomments&post=336"}],"version-history":[{"count":14,"href":"https:\/\/www.cnc-projekt.cz\/index.php?rest_route=\/wp\/v2\/pages\/336\/revisions"}],"predecessor-version":[{"id":1212,"href":"https:\/\/www.cnc-projekt.cz\/index.php?rest_route=\/wp\/v2\/pages\/336\/revisions\/1212"}],"wp:attachment":[{"href":"https:\/\/www.cnc-projekt.cz\/index.php?rest_route=%2Fwp%2Fv2%2Fmedia&parent=336"}],"curies":[{"name":"wp","href":"https:\/\/api.w.org\/{rel}","templated":true}]}}