{"id":34,"date":"2013-03-24T08:50:05","date_gmt":"2013-03-24T08:50:05","guid":{"rendered":"http:\/\/www.cnc-projekt.cz\/?page_id=34"},"modified":"2020-04-16T19:30:01","modified_gmt":"2020-04-16T19:30:01","slug":"produkty","status":"publish","type":"page","link":"https:\/\/www.cnc-projekt.cz\/?page_id=34","title":{"rendered":"PRODUKTY"},"content":{"rendered":"<figure id=\"attachment_291\" aria-describedby=\"caption-attachment-291\" style=\"width: 300px\" class=\"wp-caption aligncenter\"><a href=\"http:\/\/www.cnc-projekt.cz\/?page_id=297\"><img loading=\"lazy\" class=\"wp-image-291 size-medium\" src=\"http:\/\/www.cnc-projekt.cz\/wp-content\/uploads\/2013\/03\/urunler1_02_u10-300x225.jpg\" alt=\"\" width=\"300\" height=\"225\" srcset=\"https:\/\/www.cnc-projekt.cz\/wp-content\/uploads\/2013\/03\/urunler1_02_u10-300x225.jpg 300w, https:\/\/www.cnc-projekt.cz\/wp-content\/uploads\/2013\/03\/urunler1_02_u10-1024x768.jpg 1024w, https:\/\/www.cnc-projekt.cz\/wp-content\/uploads\/2013\/03\/urunler1_02_u10.jpg 1400w\" sizes=\"(max-width: 300px) 100vw, 300px\" \/><\/a><figcaption id=\"caption-attachment-291\" class=\"wp-caption-text\"><span style=\"font-size: 14pt; color: #ff0000;\"><strong>Stroje na v\u00fdrobu vzduchotechniky<\/strong><\/span><\/figcaption><\/figure>\n<p>&nbsp;<\/p>\n<p>&nbsp;<\/p>\n<figure id=\"attachment_1221\" aria-describedby=\"caption-attachment-1221\" style=\"width: 300px\" class=\"wp-caption aligncenter\"><a href=\"http:\/\/www.cnc-projekt.cz\/?page_id=1218\"><img loading=\"lazy\" class=\"wp-image-1221 size-medium\" src=\"http:\/\/www.cnc-projekt.cz\/wp-content\/uploads\/2020\/04\/jurado-1-300x215.png\" alt=\"\" width=\"300\" height=\"215\" srcset=\"https:\/\/www.cnc-projekt.cz\/wp-content\/uploads\/2020\/04\/jurado-1-300x215.png 300w, https:\/\/www.cnc-projekt.cz\/wp-content\/uploads\/2020\/04\/jurado-1-640x459.png 640w, https:\/\/www.cnc-projekt.cz\/wp-content\/uploads\/2020\/04\/jurado-1.png 739w\" sizes=\"(max-width: 300px) 100vw, 300px\" \/><\/a><figcaption id=\"caption-attachment-1221\" class=\"wp-caption-text\"><span style=\"font-size: 12pt;\"><strong><span style=\"color: #ff0000;\">Klin\u010dovac\u00ed stroje JURADO TOOLS<\/span><\/strong><\/span><\/figcaption><\/figure>\n<figure id=\"attachment_737\" aria-describedby=\"caption-attachment-737\" style=\"width: 300px\" class=\"wp-caption aligncenter\"><a href=\"http:\/\/www.cnc-projekt.cz\/?page_id=192\"><img loading=\"lazy\" class=\"wp-image-737 size-medium\" src=\"http:\/\/www.cnc-projekt.cz\/wp-content\/uploads\/2019\/02\/Picture1-300x153.png\" alt=\"\" width=\"300\" height=\"153\" \/><\/a><figcaption id=\"caption-attachment-737\" class=\"wp-caption-text\"><span style=\"color: #ff0000;\"><strong><span style=\"font-size: 14pt;\">D\u011blen\u00ed plazmou a plynem<\/span><\/strong><\/span><\/figcaption><\/figure>\n<p style=\"text-align: center;\"><a href=\"http:\/\/www.cnc-projekt.cz\/?page_id=1260\"><img loading=\"lazy\" class=\"size-medium wp-image-569 aligncenter\" src=\"http:\/\/www.cnc-projekt.cz\/wp-content\/uploads\/2019\/01\/pete-wright-105201-unsplash-300x169.jpg\" alt=\"\" width=\"300\" height=\"169\" srcset=\"https:\/\/www.cnc-projekt.cz\/wp-content\/uploads\/2019\/01\/pete-wright-105201-unsplash-300x169.jpg 300w, https:\/\/www.cnc-projekt.cz\/wp-content\/uploads\/2019\/01\/pete-wright-105201-unsplash-768x432.jpg 768w, https:\/\/www.cnc-projekt.cz\/wp-content\/uploads\/2019\/01\/pete-wright-105201-unsplash-1024x576.jpg 1024w, https:\/\/www.cnc-projekt.cz\/wp-content\/uploads\/2019\/01\/pete-wright-105201-unsplash-520x293.jpg 520w, https:\/\/www.cnc-projekt.cz\/wp-content\/uploads\/2019\/01\/pete-wright-105201-unsplash-740x416.jpg 740w\" sizes=\"(max-width: 300px) 100vw, 300px\" \/><span style=\"color: #ff0000;\"><strong><span style=\"font-size: 18pt;\">Sv\u00e1\u0159ec\u00ed technika<\/span><\/strong><\/span><\/a><\/p>\n<p style=\"text-align: center;\"><a href=\"http:\/\/www.cnc-projekt.cz\/wp-content\/uploads\/2019\/01\/russ-ward-493278-unsplash.jpg\"><br \/>\n<img loading=\"lazy\" class=\"size-medium wp-image-570 aligncenter\" src=\"http:\/\/www.cnc-projekt.cz\/wp-content\/uploads\/2019\/01\/russ-ward-493278-unsplash-300x200.jpg\" alt=\"\" width=\"300\" height=\"200\" srcset=\"https:\/\/www.cnc-projekt.cz\/wp-content\/uploads\/2019\/01\/russ-ward-493278-unsplash-300x200.jpg 300w, https:\/\/www.cnc-projekt.cz\/wp-content\/uploads\/2019\/01\/russ-ward-493278-unsplash-768x511.jpg 768w, https:\/\/www.cnc-projekt.cz\/wp-content\/uploads\/2019\/01\/russ-ward-493278-unsplash-1024x681.jpg 1024w, https:\/\/www.cnc-projekt.cz\/wp-content\/uploads\/2019\/01\/russ-ward-493278-unsplash-390x260.jpg 390w, https:\/\/www.cnc-projekt.cz\/wp-content\/uploads\/2019\/01\/russ-ward-493278-unsplash-520x346.jpg 520w, https:\/\/www.cnc-projekt.cz\/wp-content\/uploads\/2019\/01\/russ-ward-493278-unsplash-740x492.jpg 740w\" sizes=\"(max-width: 300px) 100vw, 300px\" \/><span style=\"font-size: 18pt; color: #ff0000;\"><strong>Plazmov\u00e9\u00a0 Agreg\u00e1ty<\/strong><\/span><\/a><\/p>\n","protected":false},"excerpt":{"rendered":"<p>&nbsp; &nbsp; Sv\u00e1\u0159ec\u00ed technika Plazmov\u00e9\u00a0 Agreg\u00e1ty<\/p>\n","protected":false},"author":2,"featured_media":0,"parent":0,"menu_order":0,"comment_status":"closed","ping_status":"open","template":"","meta":{"_mi_skip_tracking":false},"_links":{"self":[{"href":"https:\/\/www.cnc-projekt.cz\/index.php?rest_route=\/wp\/v2\/pages\/34"}],"collection":[{"href":"https:\/\/www.cnc-projekt.cz\/index.php?rest_route=\/wp\/v2\/pages"}],"about":[{"href":"https:\/\/www.cnc-projekt.cz\/index.php?rest_route=\/wp\/v2\/types\/page"}],"author":[{"embeddable":true,"href":"https:\/\/www.cnc-projekt.cz\/index.php?rest_route=\/wp\/v2\/users\/2"}],"replies":[{"embeddable":true,"href":"https:\/\/www.cnc-projekt.cz\/index.php?rest_route=%2Fwp%2Fv2%2Fcomments&post=34"}],"version-history":[{"count":15,"href":"https:\/\/www.cnc-projekt.cz\/index.php?rest_route=\/wp\/v2\/pages\/34\/revisions"}],"predecessor-version":[{"id":1263,"href":"https:\/\/www.cnc-projekt.cz\/index.php?rest_route=\/wp\/v2\/pages\/34\/revisions\/1263"}],"wp:attachment":[{"href":"https:\/\/www.cnc-projekt.cz\/index.php?rest_route=%2Fwp%2Fv2%2Fmedia&parent=34"}],"curies":[{"name":"wp","href":"https:\/\/api.w.org\/{rel}","templated":true}]}}