{"id":504,"date":"2013-05-03T16:13:50","date_gmt":"2013-05-03T16:13:50","guid":{"rendered":"http:\/\/www.cnc-projekt.cz\/?page_id=504"},"modified":"2019-02-05T17:39:02","modified_gmt":"2019-02-05T17:39:02","slug":"elektronicky-pohonny-terminal-x300","status":"publish","type":"page","link":"https:\/\/www.cnc-projekt.cz\/?page_id=504","title":{"rendered":"Elektronick\u00fd pohonn\u00fd termin\u00e1l X300"},"content":{"rendered":"<p>Elektronick\u00fd pohonn\u00fd termin\u00e1l X 300\u00a0s \u0159\u00eddic\u00edm syst\u00e9mem Cutcomp, je ur\u010den pro p\u00e1l\u00edc\u00ed automaty s pohonem servokrokov\u00fdmi motory. Ovl\u00e1d\u00e1 osy X, YL, YR a osy Z. Osa Z nese ho\u0159\u00e1k stroje a je \u0159\u00edzena tak, aby zachov\u00e1vala nastavenou v\u00fd\u0161ku nad materi\u00e1lem. Syst\u00e9m m\u00e1 optick\u00e9 rozhran\u00ed pro \u0159\u00edzen\u00ed v\u00edce druhu plazmov\u00fdch agreg\u00e1t\u016f. Disponuje \u0161irok\u00fdmi mo\u017enostmi nastaven\u00ed a je jednoduch\u00fd pro obsluhu.<\/p>\n<p><strong><b>Standardn\u00ed v\u00fdbava:<\/b><\/strong><\/p>\n<p>&#8211; Pohybliv\u00fd kovov\u00fd termin\u00e1l<br \/>\n&#8211; Ovl\u00e1dac\u00ed po\u010d\u00edta\u010d + 19\u201c wide LCD monitor<br \/>\n&#8211; DVD-ROM, my\u0161, kl\u00e1vesnice<br \/>\n&#8211; \u0158\u00eddic\u00ed syst\u00e9m CutCOMP<br \/>\n&#8211; V\u00fdkonn\u00fd zdroj 24\/48V<br \/>\n&#8211; Drivery pro motory X,YL,YR,Z (voliteln\u011b Z2)<br \/>\n&#8211; \u0158\u00edd\u00edc\u00ed jednotka ovl\u00e1d\u00e1n\u00ed plazmy<\/p>\n<p><strong><b>Voliteln\u00e1 v\u00fdbava:\u00a0\u00a0\u00a0\u00a0\u00a0\u00a0<\/b><\/strong><\/p>\n<p>&#8211; Servokrokov\u00e9 motory X,YL,YR,Z,Z2<br \/>\n&#8211; Referen\u010dn\u00ed sn\u00edma\u010de X,YL,YR,Z,Z2<\/p>\n<h3><strong><b>Technick\u00e9 specifikace X300<\/b><\/strong><\/h3>\n<p><u>z\u00e1kladn\u00ed vstupy:<\/u><br \/>\n&#8211; referen\u010dn\u00ed senzory os X,YL,YR,Z,Z2<br \/>\n&#8211; detekce v\u00fd\u0161ky materi\u00e1lu<br \/>\n&#8211; informace o stavu oblouku plazmy<br \/>\n&#8211; chyba na poloze posuvu<br \/>\n&#8211; detekce stavu nap\u00e1jen\u00ed<\/p>\n<p><u>z\u00e1kladn\u00ed v\u00fdstupy:<\/u><\/p>\n<p>&#8211; p\u0159\u00edm\u00e9 ovl\u00e1d\u00e1n\u00ed motor\u016f X,YL,YR,Z(Z2)<br \/>\n&#8211; ovl\u00e1d\u00e1n\u00ed plazmy a plynu<br \/>\n&#8211; ovl\u00e1d\u00e1n\u00ed popisovac\u00ed technologie<\/p>\n<p>&#8211; ventily pro \u0159ez plynem<\/p>\n<p>&#8211; laserov\u00fd ukazatel pozice X, Y<\/p>\n<p>nap\u00e1jen\u00ed : 230VAC, 50\/60Hz,1f\u00e1ze,15A<\/p>\n<p><u>rozm\u011bry:<\/u><br \/>\nv\u00e1ha: 75 kg<br \/>\nv\u00fd\u0161ka: 140 mm<br \/>\n\u0161\u00ed\u0159ka: 60 mm<\/p>\n","protected":false},"excerpt":{"rendered":"<p>Elektronick\u00fd pohonn\u00fd termin\u00e1l X 300\u00a0s \u0159\u00eddic\u00edm syst\u00e9mem Cutcomp, je ur\u010den pro p\u00e1l\u00edc\u00ed automaty s pohonem servokrokov\u00fdmi motory. Ovl\u00e1d\u00e1 osy X, YL, YR a osy Z. Osa Z nese ho\u0159\u00e1k stroje&#8230;<\/p>\n","protected":false},"author":2,"featured_media":0,"parent":0,"menu_order":0,"comment_status":"closed","ping_status":"open","template":"","meta":{"_mi_skip_tracking":false},"_links":{"self":[{"href":"https:\/\/www.cnc-projekt.cz\/index.php?rest_route=\/wp\/v2\/pages\/504"}],"collection":[{"href":"https:\/\/www.cnc-projekt.cz\/index.php?rest_route=\/wp\/v2\/pages"}],"about":[{"href":"https:\/\/www.cnc-projekt.cz\/index.php?rest_route=\/wp\/v2\/types\/page"}],"author":[{"embeddable":true,"href":"https:\/\/www.cnc-projekt.cz\/index.php?rest_route=\/wp\/v2\/users\/2"}],"replies":[{"embeddable":true,"href":"https:\/\/www.cnc-projekt.cz\/index.php?rest_route=%2Fwp%2Fv2%2Fcomments&post=504"}],"version-history":[{"count":13,"href":"https:\/\/www.cnc-projekt.cz\/index.php?rest_route=\/wp\/v2\/pages\/504\/revisions"}],"predecessor-version":[{"id":895,"href":"https:\/\/www.cnc-projekt.cz\/index.php?rest_route=\/wp\/v2\/pages\/504\/revisions\/895"}],"wp:attachment":[{"href":"https:\/\/www.cnc-projekt.cz\/index.php?rest_route=%2Fwp%2Fv2%2Fmedia&parent=504"}],"curies":[{"name":"wp","href":"https:\/\/api.w.org\/{rel}","templated":true}]}}